{"id":1167,"date":"2024-04-08T13:34:17","date_gmt":"2024-04-08T11:34:17","guid":{"rendered":"https:\/\/www.haeweibau.de\/?page_id=1167"},"modified":"2025-12-22T15:10:53","modified_gmt":"2025-12-22T14:10:53","slug":"haeweibau-2022","status":"publish","type":"page","link":"https:\/\/www.haeweibau.de\/?page_id=1167","title":{"rendered":"Haeweibau 2022"},"content":{"rendered":"\n<p>Wie alles begann&#8230;<\/p>\n\n\n\n<p>Unser erster HaeWeiBau war 2022. Aus einer Bierlaune heraus entstand die Idee, einen m\u00f6glichst h\u00e4sslichen Weihnachtsbaum aufzustellen. Nat\u00fcrlich drau\u00dfen und an einer gut sichtbaren Stelle. Vier Teilnehmer fanden sich und so war der erste HaeWeiBau geboren. Noch ohne Webseite und nur mit WhatsApp-Abstimmung.<\/p>\n\n\n\n<p>Schnell wurde klar, dass \u201eH\u00e4sslichkeit\u201c immer relativ zu sehen ist. Dachte sich Jeder noch, ein \u00e4u\u00dferst h\u00e4ssliches B\u00e4umchen gefunden zu haben, hat der sp\u00e4tere Sieger&nbsp;<strong>Udo Fr\u00f6lich<\/strong>&nbsp;mit seinem Baum alles in den Schatten gestellt.<\/p>\n\n\n\n<p>Mit&nbsp;<strong>97 abgegebenen Stimmen<\/strong>&nbsp;schaffte es dieses Prachtexemplar souver\u00e4n auf Platz 1.<\/p>\n\n\n\n<p>Hochverdient, da megah\u00e4sslich!!!<\/p>\n\n\n\n<p>Verwunderte Blicke, peinliche Momente und ungl\u00e4ubig dreinschauende Passanten waren f\u00fcr alle Teilnehmer an der Tagesordnung. Manche haben Ihren Baum im Dunkeln aufgestellt, um den bohrenden Blicken zu entgehen.&nbsp;<\/p>\n\n\n\n<p>2023 galt es dann, den amtierenden Champion vom Thron zu sto\u00dfen.<\/p>\n\n\n\n<p>Also, machten wir uns bereit\u2026 obs geklappt hat lest ihr&nbsp;<a href=\"https:\/\/www.haeweibau.de\/?page_id=1178\" data-type=\"page\" data-id=\"1178\">hier.<\/a><\/p>\n\n\n\n<p>Euer Team HaeWeiBau<\/p>\n\n\n\n<p><a href=\"https:\/\/www.haeweibau.de\/?page_id=1170\" data-type=\"page\" data-id=\"1170\">Teilnehmer 2022<\/a>       <a href=\"https:\/\/www.haeweibau.de\/?page_id=1172\" data-type=\"page\" data-id=\"1172\">Rangliste 2022<\/a><\/p>\n\n\n\n<p><\/p>\n","protected":false},"excerpt":{"rendered":"<p>Wie alles begann&#8230; Unser erster HaeWeiBau war 2022. Aus einer Bierlaune heraus entstand die Idee, einen m\u00f6glichst h\u00e4sslichen Weihnachtsbaum aufzustellen.<\/p>\n<p><a href=\"https:\/\/www.haeweibau.de\/?page_id=1167\" class=\"more-link\">weiterlesen&#8230;<span class=\"screen-reader-text\">Haeweibau 2022<\/span><\/a><\/p>\n","protected":false},"author":1,"featured_media":0,"parent":0,"menu_order":0,"comment_status":"closed","ping_status":"closed","template":"","meta":{"footnotes":""},"class_list":["post-1167","page","type-page","status-publish","hentry"],"_links":{"self":[{"href":"https:\/\/www.haeweibau.de\/index.php?rest_route=\/wp\/v2\/pages\/1167","targetHints":{"allow":["GET"]}}],"collection":[{"href":"https:\/\/www.haeweibau.de\/index.php?rest_route=\/wp\/v2\/pages"}],"about":[{"href":"https:\/\/www.haeweibau.de\/index.php?rest_route=\/wp\/v2\/types\/page"}],"author":[{"embeddable":true,"href":"https:\/\/www.haeweibau.de\/index.php?rest_route=\/wp\/v2\/users\/1"}],"replies":[{"embeddable":true,"href":"https:\/\/www.haeweibau.de\/index.php?rest_route=%2Fwp%2Fv2%2Fcomments&post=1167"}],"version-history":[{"count":7,"href":"https:\/\/www.haeweibau.de\/index.php?rest_route=\/wp\/v2\/pages\/1167\/revisions"}],"predecessor-version":[{"id":2695,"href":"https:\/\/www.haeweibau.de\/index.php?rest_route=\/wp\/v2\/pages\/1167\/revisions\/2695"}],"wp:attachment":[{"href":"https:\/\/www.haeweibau.de\/index.php?rest_route=%2Fwp%2Fv2%2Fmedia&parent=1167"}],"curies":[{"name":"wp","href":"https:\/\/api.w.org\/{rel}","templated":true}]}}