{"id":1186,"date":"2024-04-08T13:39:48","date_gmt":"2024-04-08T11:39:48","guid":{"rendered":"https:\/\/www.haeweibau.de\/?page_id=1186"},"modified":"2025-01-15T16:13:37","modified_gmt":"2025-01-15T15:13:37","slug":"presse-und-tv","status":"publish","type":"page","link":"https:\/\/www.haeweibau.de\/?page_id=1186","title":{"rendered":"Presse \/ TV  2023"},"content":{"rendered":"\n<p>Zu Beginn unserer Aktion h\u00e4tten wir nicht mal ansatzweise erahnt, was da auf uns zu kommt. Ein derartiges Medieninteresse war absolut nicht abzusehen. Und so waren unsere B\u00e4ume in den tegionalen und \u00fcberregionalen Zeitungen, auf allen Radiosendern der Region und nat\u00fcrlich auch im TV. Selbst das Sat1-Fr\u00fchst\u00fccksfernsehen hat uns versucht nach Berlin zu locken. \ud83d\ude09 Hier musste ich aber dann Absagen, das war uns dann doch etwas zu viel&#8230;<\/p>\n\n\n\n<p><\/p>\n\n\n\n<p><strong>Das &#8222;ganze Elend&#8220; ging einfach nur durch die Decke!<\/strong><\/p>\n\n\n\n<div class=\"wp-block-media-text is-stacked-on-mobile\"><figure class=\"wp-block-media-text__media\"><img loading=\"lazy\" decoding=\"async\" width=\"708\" height=\"860\" src=\"https:\/\/www.haeweibau.de\/wp-content\/uploads\/sites\/2\/2024\/04\/ersterartikel_11.12.png\" alt=\"\" class=\"wp-image-1361 size-full\" srcset=\"https:\/\/www.haeweibau.de\/wp-content\/uploads\/sites\/2\/2024\/04\/ersterartikel_11.12.png 708w, https:\/\/www.haeweibau.de\/wp-content\/uploads\/sites\/2\/2024\/04\/ersterartikel_11.12-247x300.png 247w\" sizes=\"auto, (max-width: 708px) 100vw, 708px\" \/><\/figure><div class=\"wp-block-media-text__content\">\n<p>Freie Presse, Ausgabe vom 11.12.2023<\/p>\n\n\n\n<p>Direkt zum Onlineartikel&#8230; <a href=\"https:\/\/www.freiepresse.de\/erzgebirge\/aue\/die-haessliche-seite-des-weihnachtslandes-erzgebirger-zeigen-schraege-baeume-artikel13163628\">HIER<\/a><\/p>\n<\/div><\/div>\n\n\n\n<div class=\"wp-block-media-text is-stacked-on-mobile\"><figure class=\"wp-block-media-text__media\"><img loading=\"lazy\" decoding=\"async\" width=\"1019\" height=\"833\" src=\"https:\/\/www.haeweibau.de\/wp-content\/uploads\/sites\/2\/2024\/04\/gewinner_02.01.png\" alt=\"\" class=\"wp-image-1365 size-full\" srcset=\"https:\/\/www.haeweibau.de\/wp-content\/uploads\/sites\/2\/2024\/04\/gewinner_02.01.png 1019w, https:\/\/www.haeweibau.de\/wp-content\/uploads\/sites\/2\/2024\/04\/gewinner_02.01-300x245.png 300w, https:\/\/www.haeweibau.de\/wp-content\/uploads\/sites\/2\/2024\/04\/gewinner_02.01-768x628.png 768w\" sizes=\"auto, (max-width: 1019px) 100vw, 1019px\" \/><\/figure><div class=\"wp-block-media-text__content\">\n<p>Freie Presse, Ausgabe vom 02.01.2024<\/p>\n\n\n\n<p>Direkt zum Onlineartikel&#8230; <a href=\"https:\/\/www.freiepresse.de\/erzgebirge\/aue\/das-ist-der-haesslichste-weihnachtsbaum-im-erzgebirge-jetzt-steht-s-fest-artikel13187732\">HIER<\/a><\/p>\n<\/div><\/div>\n\n\n\n<div class=\"wp-block-media-text is-stacked-on-mobile\"><figure class=\"wp-block-media-text__media\"><img loading=\"lazy\" decoding=\"async\" width=\"1024\" height=\"516\" src=\"https:\/\/www.haeweibau.de\/wp-content\/uploads\/sites\/2\/2024\/04\/bennen_14.2-1024x516.png\" alt=\"\" class=\"wp-image-1368 size-full\" srcset=\"https:\/\/www.haeweibau.de\/wp-content\/uploads\/sites\/2\/2024\/04\/bennen_14.2-1024x516.png 1024w, https:\/\/www.haeweibau.de\/wp-content\/uploads\/sites\/2\/2024\/04\/bennen_14.2-300x151.png 300w, https:\/\/www.haeweibau.de\/wp-content\/uploads\/sites\/2\/2024\/04\/bennen_14.2-768x387.png 768w, https:\/\/www.haeweibau.de\/wp-content\/uploads\/sites\/2\/2024\/04\/bennen_14.2.png 1422w\" sizes=\"auto, (max-width: 1024px) 100vw, 1024px\" \/><\/figure><div class=\"wp-block-media-text__content\">\n<p>Freie Presse, Ausgabe vom 14.02.2024<\/p>\n\n\n\n<p>Direkt zum Onlineartikel&#8230; <a href=\"https:\/\/www.freiepresse.de\/erzgebirge\/aue\/haesslich-waehrt-am-laengsten-im-erzgebirge-brennen-die-allerletzten-weihnachtsbaeume-artikel13246362\">HIER<\/a><\/p>\n<\/div><\/div>\n\n\n\n<div class=\"wp-block-media-text is-stacked-on-mobile\"><figure class=\"wp-block-media-text__media\"><img loading=\"lazy\" decoding=\"async\" width=\"576\" height=\"1024\" src=\"https:\/\/www.haeweibau.de\/wp-content\/uploads\/sites\/2\/2024\/04\/IMG-20231213-WA0003-576x1024.jpg\" alt=\"\" class=\"wp-image-1371 size-full\" srcset=\"https:\/\/www.haeweibau.de\/wp-content\/uploads\/sites\/2\/2024\/04\/IMG-20231213-WA0003-576x1024.jpg 576w, https:\/\/www.haeweibau.de\/wp-content\/uploads\/sites\/2\/2024\/04\/IMG-20231213-WA0003-169x300.jpg 169w, https:\/\/www.haeweibau.de\/wp-content\/uploads\/sites\/2\/2024\/04\/IMG-20231213-WA0003-768x1365.jpg 768w, https:\/\/www.haeweibau.de\/wp-content\/uploads\/sites\/2\/2024\/04\/IMG-20231213-WA0003-864x1536.jpg 864w, https:\/\/www.haeweibau.de\/wp-content\/uploads\/sites\/2\/2024\/04\/IMG-20231213-WA0003.jpg 1152w\" sizes=\"auto, (max-width: 576px) 100vw, 576px\" \/><\/figure><div class=\"wp-block-media-text__content\">\n<p>Bild, Ausgabe vom 13.12.2023<\/p>\n\n\n\n<p>Direkt zum Onlineartikel&#8230; <a href=\"https:\/\/www.bild.de\/regional\/chemnitz\/chemnitz-news\/oh-tannenbaum-du-grausamer-traum-das-sind-die-haesslichsten-christbaeume-86404184.bild.html\" data-type=\"link\" data-id=\"https:\/\/www.bild.de\/regional\/chemnitz\/chemnitz-news\/oh-tannenbaum-du-grausamer-traum-das-sind-die-haesslichsten-christbaeume-86404184.bild.html\">HIER<\/a><\/p>\n<\/div><\/div>\n\n\n\n<div class=\"wp-block-media-text is-stacked-on-mobile\" style=\"grid-template-columns:68% auto\"><figure class=\"wp-block-media-text__media\"><video controls src=\"https:\/\/www.haeweibau.de\/wp-content\/uploads\/sites\/2\/2024\/04\/MDR_TV_2023.mp4\"><\/video><\/figure><div class=\"wp-block-media-text__content\">\n<p>MDR um ZWEI<\/p>\n\n\n\n<p>Sendung ausgestrahlt am 15.12.2023<\/p>\n\n\n\n<p>Direkt zum zugeh\u00f6rigen Onlineartikel&#8230; <a href=\"https:\/\/www.mdr.de\/nachrichten\/sachsen\/chemnitz\/annaberg-aue-schwarzenberg\/haesslicher-weihnachtsbaum-wettbewerb-100.html\" data-type=\"link\" data-id=\"https:\/\/www.mdr.de\/nachrichten\/sachsen\/chemnitz\/annaberg-aue-schwarzenberg\/haesslicher-weihnachtsbaum-wettbewerb-100.html\">HIER<\/a><\/p>\n<\/div><\/div>\n\n\n\n<div class=\"wp-block-media-text is-stacked-on-mobile\"><figure class=\"wp-block-media-text__media\"><img loading=\"lazy\" decoding=\"async\" width=\"1024\" height=\"949\" src=\"https:\/\/www.haeweibau.de\/wp-content\/uploads\/sites\/2\/2024\/10\/mdr-1024x949.png\" alt=\"\" class=\"wp-image-1879 size-full\" srcset=\"https:\/\/www.haeweibau.de\/wp-content\/uploads\/sites\/2\/2024\/10\/mdr-1024x949.png 1024w, https:\/\/www.haeweibau.de\/wp-content\/uploads\/sites\/2\/2024\/10\/mdr-300x278.png 300w, https:\/\/www.haeweibau.de\/wp-content\/uploads\/sites\/2\/2024\/10\/mdr-768x712.png 768w, https:\/\/www.haeweibau.de\/wp-content\/uploads\/sites\/2\/2024\/10\/mdr.png 1122w\" sizes=\"auto, (max-width: 1024px) 100vw, 1024px\" \/><\/figure><div class=\"wp-block-media-text__content\">\n<p><a href=\"https:\/\/www.mdr.de\/nachrichten\/sachsen\/chemnitz\/annaberg-aue-schwarzenberg\/haesslicher-weihnachtsbaum-wettbewerb-100.html\">https:\/\/www.mdr.de\/nachrichten\/sachsen\/chemnitz\/annaberg-aue-schwarzenberg\/haesslicher-weihnachtsbaum-wettbewerb-100.html<\/a><\/p>\n<\/div><\/div>\n\n\n\n<div class=\"wp-block-media-text is-stacked-on-mobile\"><figure class=\"wp-block-media-text__media\"><img loading=\"lazy\" decoding=\"async\" width=\"1024\" height=\"839\" src=\"https:\/\/www.haeweibau.de\/wp-content\/uploads\/sites\/2\/2024\/10\/Hitradiortl-1024x839.png\" alt=\"\" class=\"wp-image-1880 size-full\" srcset=\"https:\/\/www.haeweibau.de\/wp-content\/uploads\/sites\/2\/2024\/10\/Hitradiortl-1024x839.png 1024w, https:\/\/www.haeweibau.de\/wp-content\/uploads\/sites\/2\/2024\/10\/Hitradiortl-300x246.png 300w, https:\/\/www.haeweibau.de\/wp-content\/uploads\/sites\/2\/2024\/10\/Hitradiortl-768x629.png 768w, https:\/\/www.haeweibau.de\/wp-content\/uploads\/sites\/2\/2024\/10\/Hitradiortl.png 1194w\" sizes=\"auto, (max-width: 1024px) 100vw, 1024px\" \/><\/figure><div class=\"wp-block-media-text__content\">\n<p><a href=\"https:\/\/www.radioerzgebirge.de\/beitrag\/sosaer-suchen-haesslichsten-weihnachtsbaum-806296\/\" data-type=\"link\" data-id=\"https:\/\/www.radioerzgebirge.de\/beitrag\/sosaer-suchen-haesslichsten-weihnachtsbaum-806296\/\">https:\/\/www.radioerzgebirge.de\/beitrag\/sosaer-suchen-haesslichsten-weihnachtsbaum-806296\/<\/a><\/p>\n\n\n\n<p><\/p>\n<\/div><\/div>\n","protected":false},"excerpt":{"rendered":"<p>Zu Beginn unserer Aktion h\u00e4tten wir nicht mal ansatzweise erahnt, was da auf uns zu kommt. Ein derartiges Medieninteresse war<\/p>\n<p><a href=\"https:\/\/www.haeweibau.de\/?page_id=1186\" class=\"more-link\">weiterlesen&#8230;<span class=\"screen-reader-text\">Presse \/ TV  2023<\/span><\/a><\/p>\n","protected":false},"author":1,"featured_media":0,"parent":0,"menu_order":0,"comment_status":"closed","ping_status":"closed","template":"","meta":{"footnotes":""},"class_list":["post-1186","page","type-page","status-publish","hentry"],"_links":{"self":[{"href":"https:\/\/www.haeweibau.de\/index.php?rest_route=\/wp\/v2\/pages\/1186","targetHints":{"allow":["GET"]}}],"collection":[{"href":"https:\/\/www.haeweibau.de\/index.php?rest_route=\/wp\/v2\/pages"}],"about":[{"href":"https:\/\/www.haeweibau.de\/index.php?rest_route=\/wp\/v2\/types\/page"}],"author":[{"embeddable":true,"href":"https:\/\/www.haeweibau.de\/index.php?rest_route=\/wp\/v2\/users\/1"}],"replies":[{"embeddable":true,"href":"https:\/\/www.haeweibau.de\/index.php?rest_route=%2Fwp%2Fv2%2Fcomments&post=1186"}],"version-history":[{"count":10,"href":"https:\/\/www.haeweibau.de\/index.php?rest_route=\/wp\/v2\/pages\/1186\/revisions"}],"predecessor-version":[{"id":2376,"href":"https:\/\/www.haeweibau.de\/index.php?rest_route=\/wp\/v2\/pages\/1186\/revisions\/2376"}],"wp:attachment":[{"href":"https:\/\/www.haeweibau.de\/index.php?rest_route=%2Fwp%2Fv2%2Fmedia&parent=1186"}],"curies":[{"name":"wp","href":"https:\/\/api.w.org\/{rel}","templated":true}]}}