{"id":1245,"date":"2024-04-08T20:58:02","date_gmt":"2024-04-08T18:58:02","guid":{"rendered":"https:\/\/www.haeweibau.de\/?page_id=1245"},"modified":"2024-04-08T21:18:45","modified_gmt":"2024-04-08T19:18:45","slug":"ehrenteilnehmer-2023","status":"publish","type":"page","link":"https:\/\/www.haeweibau.de\/?page_id=1245","title":{"rendered":"Ehrenteilnehmer 2023"},"content":{"rendered":"\n<p class=\"has-text-align-left\"><strong>Die Klasse 5a und 5b der &#8222;Gl\u00fcck auf&#8220; Oberschule Eibenstock hatte unter Leitung des Lehrers Herrn Helm einen weiteren Kandidaten ins Rennen geschickt&#8230; Und eins war klar: Hier konnten einige Teilnehmer froh sein, dass dieser &#8222;Baum&#8220; nur au\u00dferhalb der Wertung teilnahm. Mit dieser &#8222;Sch\u00f6nheit&#8220; h\u00e4ttet ihr ganz weit nach vorne kommen k\u00f6nnen.<\/strong><\/p>\n\n\n\n<p class=\"has-text-align-left\"><strong>Das Team von www.haeweibau.de fand eure Idee absolut \u00fcberw\u00e4ltigend. Das habt ihr aber mal so richtig klasse gemacht&#8230;<\/strong><\/p>\n\n\n\n<p class=\"has-text-align-left\"><strong>Also wurde ein Ehrenpokal erschaffen, welcher den Sch\u00fclern mit reichlich &#8222;Nervennahrung&#8220; \u00fcberreicht wurde. Jedes Kind erhielt au\u00dferdem einen HAEWEIBAU-Schl\u00fcsselanh\u00e4nger als Erinnerung.<\/strong><\/p>\n\n\n\n<p class=\"has-text-align-left\"><strong>Schaut euch die Bilder an, ihr werdet Augen machen!<\/strong><\/p>\n\n\n\n<p class=\"has-text-align-left\"><strong>DAS IST HILDE!!!!!<\/strong><\/p>\n\n\n\n<div class=\"wp-block-columns are-vertically-aligned-center is-layout-flex wp-container-core-columns-is-layout-9d6595d7 wp-block-columns-is-layout-flex\">\n<div class=\"wp-block-column is-vertically-aligned-center is-layout-flow wp-block-column-is-layout-flow\" style=\"flex-basis:100%\">\n<div class=\"wp-block-group is-nowrap is-layout-flex wp-container-core-group-is-layout-ad2f72ca wp-block-group-is-layout-flex\">\n<figure class=\"wp-block-image size-large is-resized\"><img loading=\"lazy\" decoding=\"async\" width=\"768\" height=\"1024\" src=\"https:\/\/www.haeweibau.de\/wp-content\/uploads\/sites\/2\/2024\/04\/IMG-20231220-WA00241-768x1024.jpg\" alt=\"\" class=\"wp-image-1252\" style=\"width:370px;height:auto\" srcset=\"https:\/\/www.haeweibau.de\/wp-content\/uploads\/sites\/2\/2024\/04\/IMG-20231220-WA00241-768x1024.jpg 768w, https:\/\/www.haeweibau.de\/wp-content\/uploads\/sites\/2\/2024\/04\/IMG-20231220-WA00241-225x300.jpg 225w, https:\/\/www.haeweibau.de\/wp-content\/uploads\/sites\/2\/2024\/04\/IMG-20231220-WA00241-1152x1536.jpg 1152w, https:\/\/www.haeweibau.de\/wp-content\/uploads\/sites\/2\/2024\/04\/IMG-20231220-WA00241.jpg 1200w\" sizes=\"auto, (max-width: 768px) 100vw, 768px\" \/><\/figure>\n\n\n\n<figure class=\"wp-block-image size-large is-resized\"><img loading=\"lazy\" decoding=\"async\" width=\"768\" height=\"1024\" src=\"https:\/\/www.haeweibau.de\/wp-content\/uploads\/sites\/2\/2024\/04\/IMG-20231220-WA00191-768x1024.jpg\" alt=\"\" class=\"wp-image-1250\" style=\"width:368px;height:auto\" srcset=\"https:\/\/www.haeweibau.de\/wp-content\/uploads\/sites\/2\/2024\/04\/IMG-20231220-WA00191-768x1024.jpg 768w, https:\/\/www.haeweibau.de\/wp-content\/uploads\/sites\/2\/2024\/04\/IMG-20231220-WA00191-225x300.jpg 225w, https:\/\/www.haeweibau.de\/wp-content\/uploads\/sites\/2\/2024\/04\/IMG-20231220-WA00191-1152x1536.jpg 1152w, https:\/\/www.haeweibau.de\/wp-content\/uploads\/sites\/2\/2024\/04\/IMG-20231220-WA00191.jpg 1200w\" sizes=\"auto, (max-width: 768px) 100vw, 768px\" \/><\/figure>\n\n\n\n<figure class=\"wp-block-image size-large is-resized\"><img decoding=\"async\" src=\"https:\/\/www.haeweibau.de\/wp-content\/uploads\/sites\/2\/2024\/04\/IMG-20231220-WA00181-768x1024.jpg\" alt=\"\" class=\"wp-image-1249\" style=\"width:368px;height:auto\"\/><\/figure>\n<\/div>\n<\/div>\n<\/div>\n\n\n\n<div class=\"wp-block-group is-nowrap is-layout-flex wp-container-core-group-is-layout-ad2f72ca wp-block-group-is-layout-flex\">\n<figure class=\"wp-block-image size-large is-resized\"><img loading=\"lazy\" decoding=\"async\" width=\"768\" height=\"1024\" src=\"https:\/\/www.haeweibau.de\/wp-content\/uploads\/sites\/2\/2024\/04\/IMG-20231220-WA00231-768x1024.jpg\" alt=\"\" class=\"wp-image-1251\" style=\"width:369px;height:auto\" srcset=\"https:\/\/www.haeweibau.de\/wp-content\/uploads\/sites\/2\/2024\/04\/IMG-20231220-WA00231-768x1024.jpg 768w, https:\/\/www.haeweibau.de\/wp-content\/uploads\/sites\/2\/2024\/04\/IMG-20231220-WA00231-225x300.jpg 225w, https:\/\/www.haeweibau.de\/wp-content\/uploads\/sites\/2\/2024\/04\/IMG-20231220-WA00231-1152x1536.jpg 1152w, https:\/\/www.haeweibau.de\/wp-content\/uploads\/sites\/2\/2024\/04\/IMG-20231220-WA00231.jpg 1200w\" sizes=\"auto, (max-width: 768px) 100vw, 768px\" \/><\/figure>\n\n\n\n<figure class=\"wp-block-image size-large is-resized\"><img loading=\"lazy\" decoding=\"async\" width=\"768\" height=\"1024\" src=\"https:\/\/www.haeweibau.de\/wp-content\/uploads\/sites\/2\/2024\/04\/IMG-20231220-WA00141-768x1024.jpg\" alt=\"\" class=\"wp-image-1247\" style=\"width:368px;height:auto\" srcset=\"https:\/\/www.haeweibau.de\/wp-content\/uploads\/sites\/2\/2024\/04\/IMG-20231220-WA00141-768x1024.jpg 768w, https:\/\/www.haeweibau.de\/wp-content\/uploads\/sites\/2\/2024\/04\/IMG-20231220-WA00141-225x300.jpg 225w, https:\/\/www.haeweibau.de\/wp-content\/uploads\/sites\/2\/2024\/04\/IMG-20231220-WA00141-1152x1536.jpg 1152w, https:\/\/www.haeweibau.de\/wp-content\/uploads\/sites\/2\/2024\/04\/IMG-20231220-WA00141.jpg 1536w\" sizes=\"auto, (max-width: 768px) 100vw, 768px\" \/><\/figure>\n\n\n\n<figure class=\"wp-block-image size-large is-resized\"><img loading=\"lazy\" decoding=\"async\" width=\"768\" height=\"1024\" src=\"https:\/\/www.haeweibau.de\/wp-content\/uploads\/sites\/2\/2024\/04\/IMG-20231220-WA00151-768x1024.jpg\" alt=\"\" class=\"wp-image-1248\" style=\"width:369px;height:auto\" srcset=\"https:\/\/www.haeweibau.de\/wp-content\/uploads\/sites\/2\/2024\/04\/IMG-20231220-WA00151-768x1024.jpg 768w, https:\/\/www.haeweibau.de\/wp-content\/uploads\/sites\/2\/2024\/04\/IMG-20231220-WA00151-225x300.jpg 225w, https:\/\/www.haeweibau.de\/wp-content\/uploads\/sites\/2\/2024\/04\/IMG-20231220-WA00151-1152x1536.jpg 1152w, https:\/\/www.haeweibau.de\/wp-content\/uploads\/sites\/2\/2024\/04\/IMG-20231220-WA00151.jpg 1536w\" sizes=\"auto, (max-width: 768px) 100vw, 768px\" \/><\/figure>\n<\/div>\n","protected":false},"excerpt":{"rendered":"<p>Die Klasse 5a und 5b der &#8222;Gl\u00fcck auf&#8220; Oberschule Eibenstock hatte unter Leitung des Lehrers Herrn Helm einen weiteren Kandidaten<\/p>\n<p><a href=\"https:\/\/www.haeweibau.de\/?page_id=1245\" class=\"more-link\">weiterlesen&#8230;<span class=\"screen-reader-text\">Ehrenteilnehmer 2023<\/span><\/a><\/p>\n","protected":false},"author":1,"featured_media":0,"parent":0,"menu_order":0,"comment_status":"closed","ping_status":"closed","template":"","meta":{"footnotes":""},"class_list":["post-1245","page","type-page","status-publish","hentry"],"_links":{"self":[{"href":"https:\/\/www.haeweibau.de\/index.php?rest_route=\/wp\/v2\/pages\/1245","targetHints":{"allow":["GET"]}}],"collection":[{"href":"https:\/\/www.haeweibau.de\/index.php?rest_route=\/wp\/v2\/pages"}],"about":[{"href":"https:\/\/www.haeweibau.de\/index.php?rest_route=\/wp\/v2\/types\/page"}],"author":[{"embeddable":true,"href":"https:\/\/www.haeweibau.de\/index.php?rest_route=\/wp\/v2\/users\/1"}],"replies":[{"embeddable":true,"href":"https:\/\/www.haeweibau.de\/index.php?rest_route=%2Fwp%2Fv2%2Fcomments&post=1245"}],"version-history":[{"count":6,"href":"https:\/\/www.haeweibau.de\/index.php?rest_route=\/wp\/v2\/pages\/1245\/revisions"}],"predecessor-version":[{"id":1265,"href":"https:\/\/www.haeweibau.de\/index.php?rest_route=\/wp\/v2\/pages\/1245\/revisions\/1265"}],"wp:attachment":[{"href":"https:\/\/www.haeweibau.de\/index.php?rest_route=%2Fwp%2Fv2%2Fmedia&parent=1245"}],"curies":[{"name":"wp","href":"https:\/\/api.w.org\/{rel}","templated":true}]}}