{"id":1257,"date":"2024-04-08T21:05:50","date_gmt":"2024-04-08T19:05:50","guid":{"rendered":"https:\/\/www.haeweibau.de\/?page_id=1257"},"modified":"2025-12-29T03:25:57","modified_gmt":"2025-12-29T02:25:57","slug":"home","status":"publish","type":"page","link":"https:\/\/www.haeweibau.de\/","title":{"rendered":"Home"},"content":{"rendered":"\n<p class=\"has-text-align-center\"><\/p>\n\n\n\n<p>Wir haben ihn auch 2025 gefunden! unser h\u00e4sslichster Weihnachtsbaum ist dieses Jahr: &#8222;De grauerliche Greta&#8220; ! Gl\u00fcckw\u00fcnsche nat\u00fcrlich auch an die Platzierten. Die Pokal gibt es wie immer im neunen Jahr.<\/p>\n\n\n<div class=\"wp-block-image\">\n<figure class=\"aligncenter size-large\"><img loading=\"lazy\" decoding=\"async\" width=\"724\" height=\"1024\" src=\"https:\/\/www.haeweibau.de\/wp-content\/uploads\/sites\/2\/2025\/12\/gridart_20251224_2057001913716599286051078805-724x1024.jpg\" alt=\"\" class=\"wp-image-2720\" srcset=\"https:\/\/www.haeweibau.de\/wp-content\/uploads\/sites\/2\/2025\/12\/gridart_20251224_2057001913716599286051078805-724x1024.jpg 724w, https:\/\/www.haeweibau.de\/wp-content\/uploads\/sites\/2\/2025\/12\/gridart_20251224_2057001913716599286051078805-212x300.jpg 212w, https:\/\/www.haeweibau.de\/wp-content\/uploads\/sites\/2\/2025\/12\/gridart_20251224_2057001913716599286051078805-768x1086.jpg 768w, https:\/\/www.haeweibau.de\/wp-content\/uploads\/sites\/2\/2025\/12\/gridart_20251224_2057001913716599286051078805-1086x1536.jpg 1086w, https:\/\/www.haeweibau.de\/wp-content\/uploads\/sites\/2\/2025\/12\/gridart_20251224_2057001913716599286051078805-600x849.jpg 600w, https:\/\/www.haeweibau.de\/wp-content\/uploads\/sites\/2\/2025\/12\/gridart_20251224_2057001913716599286051078805.jpg 1414w\" sizes=\"auto, (max-width: 724px) 100vw, 724px\" \/><\/figure>\n<\/div>\n\n\n<p><a href=\"https:\/\/www.haeweibau.de\/?page_id=2450\" data-type=\"page\" data-id=\"2450\">Hier<\/a> k\u00f6nnt ihr euch die B\u00e4ume nach Bewertungen absteigend anzeigen lassen! Dann seht ihr die genaue Rangliste.<\/p>\n\n\n\n<p>Vielen Dank an alle Teilnehmer die diesen Spa\u00df auch dies Jahr wieder mitgemacht haben. Ebenso vielen vielen Dank f\u00fcr die zahlreichen Seitenbesucher, die unser Event \u00fcberregional bekannt gemacht haben. <\/p>\n\n\n\n<h2 class=\"wp-block-heading has-text-align-center\">Abonniere unseren WhatsApp-Kanal<\/h2>\n\n\n\n<div class=\"wp-block-media-text is-stacked-on-mobile\" style=\"grid-template-columns:23% auto\"><figure class=\"wp-block-media-text__media\"><img loading=\"lazy\" decoding=\"async\" width=\"1000\" height=\"1000\" src=\"https:\/\/www.haeweibau.de\/wp-content\/uploads\/sites\/2\/2024\/11\/VistaQR-Website-whatsapp_com_channel_0029VaxEHCr1dAw9OmFdCL1Y-1.png\" alt=\"\" class=\"wp-image-1918 size-full\" srcset=\"https:\/\/www.haeweibau.de\/wp-content\/uploads\/sites\/2\/2024\/11\/VistaQR-Website-whatsapp_com_channel_0029VaxEHCr1dAw9OmFdCL1Y-1.png 1000w, https:\/\/www.haeweibau.de\/wp-content\/uploads\/sites\/2\/2024\/11\/VistaQR-Website-whatsapp_com_channel_0029VaxEHCr1dAw9OmFdCL1Y-1-300x300.png 300w, https:\/\/www.haeweibau.de\/wp-content\/uploads\/sites\/2\/2024\/11\/VistaQR-Website-whatsapp_com_channel_0029VaxEHCr1dAw9OmFdCL1Y-1-150x150.png 150w, https:\/\/www.haeweibau.de\/wp-content\/uploads\/sites\/2\/2024\/11\/VistaQR-Website-whatsapp_com_channel_0029VaxEHCr1dAw9OmFdCL1Y-1-768x768.png 768w, https:\/\/www.haeweibau.de\/wp-content\/uploads\/sites\/2\/2024\/11\/VistaQR-Website-whatsapp_com_channel_0029VaxEHCr1dAw9OmFdCL1Y-1-666x666.png 666w\" sizes=\"auto, (max-width: 1000px) 100vw, 1000px\" \/><\/figure><div class=\"wp-block-media-text__content\">\n<p>\u00dcber diesen QR-Code kannst du unseren WhatsApp-Kanal abonnieren. Somit verpasst du ganz bestimmt keine Neuigkeiten, Videos oder alles andere rund um den HeaWeiBau! Einfach mit der Kamera deines Smartphons scannen und auf &#8222;Abonnieren&#8220; dr\u00fccken.<\/p>\n<\/div><\/div>\n\n\n\n<p><\/p>\n\n\n\n<p class=\"has-text-align-center\"><strong>Start des Votings<\/strong> Haeweibau 2026<\/p>\n\n\n\n<div class=\"content_countdown\" id=\"main_countedown_1\"><div  class=\"countdown\"><\/div><\/div><script>\r\n        document.addEventListener('DOMContentLoaded', function(event) {\r\n\t\t\twpdevart_countdown_animated_element('','main_countedown_1'); jQuery(window).scroll(function(){wpdevart_countdown_animated_element('','main_countedown_1');});\r\n            jQuery('#main_countedown_1 .countdown').ClassyCountdown({\r\n                end: '19635946',\r\n                now: '0',\r\n                labels: true,               \r\n                labelsOptions: {\r\n                    lang: {\r\n                        days: 'Tage',\r\n                        hours: 'Stunden',\r\n                        minutes: 'Minuten',\r\n                        seconds: 'Sekunden'\r\n                    },                  \r\n                },\r\n                style: {\r\n                    element: \"\",\r\n                    textResponsive:3.5,\r\n                    days: {\r\n                        gauge: {\r\n                            thickness:0.1,\r\n                            bgColor: 'rgba(0,0,0,0)',\r\n                            fgColor: '#d10034',\r\n                            lineCap: 'round'\r\n                        },\r\n                        textCSS: 'font-family:monospace;  color:#ffffff;'\r\n                    },\r\n                    hours: {\r\n                        gauge: {\r\n                            thickness: 0.1,\r\n                            bgColor: 'rgba(0,0,0,0)',\r\n                            fgColor: '#d10034',\r\n                            lineCap: 'round'\r\n                        },\r\n                        textCSS: 'font-family:monospace;  color:#ffffff;'\r\n                    },\r\n                    minutes: {\r\n                        gauge: {\r\n                            thickness:0.1,\r\n                            bgColor: 'rgba(0,0,0,0)',\r\n                            fgColor: '#d10034',\r\n                            lineCap: 'round'\r\n                        },\r\n                        textCSS: 'font-family:monospace; color:#ffffff;'\r\n                    },\r\n                    seconds: {\r\n                        gauge: {\r\n                            thickness: 0.1,\r\n                            bgColor:'rgba(0,0,0,0)',\r\n                            fgColor: '#d10034',\r\n                            lineCap: 'round'\r\n                        },\r\n                        textCSS: 'font-family:monospace; color:#ffffff;'\r\n                    }\r\n        \r\n                },\r\n                onEndCallback: function() {\r\n                 jQuery('#main_countedown_1 .countdown').html('')\r\n                }\r\n            });\r\n        })<\/script><style>#main_countedown_1 .countdown{text-align:center;}#main_countedown_1 .countdown{margin-top:10px;margin-bottom:10px}.ClassyCountdown-wrapper > div {width:130px;}\r\n<\/style>\n\n\n\n<p class=\"has-text-align-center\"><strong>Ende des Votings Haeweibau 2026:<\/strong><\/p>\n\n\n\n<div class=\"content_countdown\" id=\"main_countedown_2\"><div  class=\"countdown\"><\/div><\/div><script>\r\n        document.addEventListener('DOMContentLoaded', function(event) {\r\n\t\t\twpdevart_countdown_animated_element('','main_countedown_2'); jQuery(window).scroll(function(){wpdevart_countdown_animated_element('','main_countedown_2');});\r\n            jQuery('#main_countedown_2 .countdown').ClassyCountdown({\r\n                end: '21795946',\r\n                now: '0',\r\n                labels: true,               \r\n                labelsOptions: {\r\n                    lang: {\r\n                        days: 'Tage',\r\n                        hours: 'Stunden',\r\n                        minutes: 'Minuten',\r\n                        seconds: 'Sekunden'\r\n                    },                  \r\n                },\r\n                style: {\r\n                    element: \"\",\r\n                    textResponsive:3.5,\r\n                    days: {\r\n                        gauge: {\r\n                            thickness:0.1,\r\n                            bgColor: 'rgba(0,0,0,0)',\r\n                            fgColor: '#00d10e',\r\n                            lineCap: 'round'\r\n                        },\r\n                        textCSS: 'font-family:monospace;  color:#ffffff;'\r\n                    },\r\n                    hours: {\r\n                        gauge: {\r\n                            thickness: 0.1,\r\n                            bgColor: 'rgba(0,0,0,0)',\r\n                            fgColor: '#00d10e',\r\n                            lineCap: 'round'\r\n                        },\r\n                        textCSS: 'font-family:monospace;  color:#ffffff;'\r\n                    },\r\n                    minutes: {\r\n                        gauge: {\r\n                            thickness:0.1,\r\n                            bgColor: 'rgba(0,0,0,0)',\r\n                            fgColor: '#00d10e',\r\n                            lineCap: 'round'\r\n                        },\r\n                        textCSS: 'font-family:monospace; color:#ffffff;'\r\n                    },\r\n                    seconds: {\r\n                        gauge: {\r\n                            thickness: 0.1,\r\n                            bgColor:'rgba(0,0,0,0)',\r\n                            fgColor: '#00d10e',\r\n                            lineCap: 'round'\r\n                        },\r\n                        textCSS: 'font-family:monospace; color:#ffffff;'\r\n                    }\r\n        \r\n                },\r\n                onEndCallback: function() {\r\n                 jQuery('#main_countedown_2 .countdown').html('JETZT ABSTIMMEN!')\r\n                }\r\n            });\r\n        })<\/script><style>#main_countedown_2 .countdown{text-align:center;}#main_countedown_2 .countdown{margin-top:10px;margin-bottom:10px}.ClassyCountdown-wrapper > div {width:130px;}\r\n<\/style>\n","protected":false},"excerpt":{"rendered":"<p>Wir haben ihn auch 2025 gefunden! unser h\u00e4sslichster Weihnachtsbaum ist dieses Jahr: &#8222;De grauerliche Greta&#8220; ! Gl\u00fcckw\u00fcnsche nat\u00fcrlich auch an<\/p>\n<p><a href=\"https:\/\/www.haeweibau.de\/\" class=\"more-link\">weiterlesen&#8230;<span class=\"screen-reader-text\">Home<\/span><\/a><\/p>\n","protected":false},"author":1,"featured_media":0,"parent":0,"menu_order":0,"comment_status":"closed","ping_status":"closed","template":"","meta":{"footnotes":""},"class_list":["post-1257","page","type-page","status-publish","hentry"],"_links":{"self":[{"href":"https:\/\/www.haeweibau.de\/index.php?rest_route=\/wp\/v2\/pages\/1257","targetHints":{"allow":["GET"]}}],"collection":[{"href":"https:\/\/www.haeweibau.de\/index.php?rest_route=\/wp\/v2\/pages"}],"about":[{"href":"https:\/\/www.haeweibau.de\/index.php?rest_route=\/wp\/v2\/types\/page"}],"author":[{"embeddable":true,"href":"https:\/\/www.haeweibau.de\/index.php?rest_route=\/wp\/v2\/users\/1"}],"replies":[{"embeddable":true,"href":"https:\/\/www.haeweibau.de\/index.php?rest_route=%2Fwp%2Fv2%2Fcomments&post=1257"}],"version-history":[{"count":10,"href":"https:\/\/www.haeweibau.de\/index.php?rest_route=\/wp\/v2\/pages\/1257\/revisions"}],"predecessor-version":[{"id":2722,"href":"https:\/\/www.haeweibau.de\/index.php?rest_route=\/wp\/v2\/pages\/1257\/revisions\/2722"}],"wp:attachment":[{"href":"https:\/\/www.haeweibau.de\/index.php?rest_route=%2Fwp%2Fv2%2Fmedia&parent=1257"}],"curies":[{"name":"wp","href":"https:\/\/api.w.org\/{rel}","templated":true}]}}