{"id":1266,"date":"2024-04-08T21:20:21","date_gmt":"2024-04-08T19:20:21","guid":{"rendered":"https:\/\/www.haeweibau.de\/?page_id=1266"},"modified":"2024-09-26T04:46:24","modified_gmt":"2024-09-26T02:46:24","slug":"infos-und-rechtliches","status":"publish","type":"page","link":"https:\/\/www.haeweibau.de\/?page_id=1266","title":{"rendered":"Infos und Rechtliches"},"content":{"rendered":"\n<p>Ein paar rechtliche Angaben geh\u00f6ren zu dem ganzen Spa\u00df nat\u00fcrlich auch dazu. Und hier k\u00f6nnt ihr sie finden.<\/p>\n\n\n\n<ul class=\"wp-block-list\">\n<li><a href=\"https:\/\/www.haeweibau.de\/?page_id=1274\" data-type=\"page\" data-id=\"1274\">Teilnahmebedingungen<\/a><\/li>\n\n\n\n<li><a href=\"https:\/\/www.haeweibau.de\/?page_id=1272\" data-type=\"page\" data-id=\"1272\">Kontakt<\/a><\/li>\n\n\n\n<li><a href=\"https:\/\/www.haeweibau.de\/?page_id=1269\" data-type=\"page\" data-id=\"1269\">Impressum<\/a><\/li>\n\n\n\n<li><a href=\"https:\/\/www.haeweibau.de\/?page_id=1283\" data-type=\"page\" data-id=\"1283\">Disclaimer<\/a><\/li>\n<\/ul>\n","protected":false},"excerpt":{"rendered":"<p>Ein paar rechtliche Angaben geh\u00f6ren zu dem ganzen Spa\u00df nat\u00fcrlich auch dazu. Und hier k\u00f6nnt ihr sie finden.<\/p>\n","protected":false},"author":1,"featured_media":0,"parent":0,"menu_order":0,"comment_status":"closed","ping_status":"closed","template":"","meta":{"footnotes":""},"class_list":["post-1266","page","type-page","status-publish","hentry"],"_links":{"self":[{"href":"https:\/\/www.haeweibau.de\/index.php?rest_route=\/wp\/v2\/pages\/1266","targetHints":{"allow":["GET"]}}],"collection":[{"href":"https:\/\/www.haeweibau.de\/index.php?rest_route=\/wp\/v2\/pages"}],"about":[{"href":"https:\/\/www.haeweibau.de\/index.php?rest_route=\/wp\/v2\/types\/page"}],"author":[{"embeddable":true,"href":"https:\/\/www.haeweibau.de\/index.php?rest_route=\/wp\/v2\/users\/1"}],"replies":[{"embeddable":true,"href":"https:\/\/www.haeweibau.de\/index.php?rest_route=%2Fwp%2Fv2%2Fcomments&post=1266"}],"version-history":[{"count":2,"href":"https:\/\/www.haeweibau.de\/index.php?rest_route=\/wp\/v2\/pages\/1266\/revisions"}],"predecessor-version":[{"id":1747,"href":"https:\/\/www.haeweibau.de\/index.php?rest_route=\/wp\/v2\/pages\/1266\/revisions\/1747"}],"wp:attachment":[{"href":"https:\/\/www.haeweibau.de\/index.php?rest_route=%2Fwp%2Fv2%2Fmedia&parent=1266"}],"curies":[{"name":"wp","href":"https:\/\/api.w.org\/{rel}","templated":true}]}}