{"id":1269,"date":"2024-04-08T21:20:58","date_gmt":"2024-04-08T19:20:58","guid":{"rendered":"https:\/\/www.haeweibau.de\/?page_id=1269"},"modified":"2024-04-08T21:23:04","modified_gmt":"2024-04-08T19:23:04","slug":"impressum","status":"publish","type":"page","link":"https:\/\/www.haeweibau.de\/?page_id=1269","title":{"rendered":"Impressum"},"content":{"rendered":"\n<p style=\"font-size:29px\"><\/p>\n\n\n\n<p class=\"has-text-align-left\"><strong>Webmaster\/Verantwortlicher: Thomas Fr\u00f6lich<\/strong><\/p>\n\n\n\n<p class=\"has-text-align-left\"><strong>Hauptstra\u00dfe 31<\/strong>, <strong>Eibenstock 08309<\/strong><\/p>\n\n\n\n<p class=\"has-text-align-left\"><strong>Telefon: 0162 &#8211; 7741635<\/strong><\/p>\n\n\n\n<p class=\"has-text-align-left\"><strong>E-Mail: t.froelich@gmx.de<\/strong><\/p>\n\n\n\n<p class=\"has-text-align-left\"><\/p>\n\n\n\n<p class=\"has-text-align-left\"><strong>Unsere Webseite ist SSL-verschl\u00fcsselt. <\/strong><\/p>\n","protected":false},"excerpt":{"rendered":"<p>Webmaster\/Verantwortlicher: Thomas Fr\u00f6lich Hauptstra\u00dfe 31, Eibenstock 08309 Telefon: 0162 &#8211; 7741635 E-Mail: t.froelich@gmx.de Unsere Webseite ist SSL-verschl\u00fcsselt.<\/p>\n","protected":false},"author":1,"featured_media":0,"parent":0,"menu_order":0,"comment_status":"closed","ping_status":"closed","template":"","meta":{"footnotes":""},"class_list":["post-1269","page","type-page","status-publish","hentry"],"_links":{"self":[{"href":"https:\/\/www.haeweibau.de\/index.php?rest_route=\/wp\/v2\/pages\/1269","targetHints":{"allow":["GET"]}}],"collection":[{"href":"https:\/\/www.haeweibau.de\/index.php?rest_route=\/wp\/v2\/pages"}],"about":[{"href":"https:\/\/www.haeweibau.de\/index.php?rest_route=\/wp\/v2\/types\/page"}],"author":[{"embeddable":true,"href":"https:\/\/www.haeweibau.de\/index.php?rest_route=\/wp\/v2\/users\/1"}],"replies":[{"embeddable":true,"href":"https:\/\/www.haeweibau.de\/index.php?rest_route=%2Fwp%2Fv2%2Fcomments&post=1269"}],"version-history":[{"count":3,"href":"https:\/\/www.haeweibau.de\/index.php?rest_route=\/wp\/v2\/pages\/1269\/revisions"}],"predecessor-version":[{"id":1761,"href":"https:\/\/www.haeweibau.de\/index.php?rest_route=\/wp\/v2\/pages\/1269\/revisions\/1761"}],"wp:attachment":[{"href":"https:\/\/www.haeweibau.de\/index.php?rest_route=%2Fwp%2Fv2%2Fmedia&parent=1269"}],"curies":[{"name":"wp","href":"https:\/\/api.w.org\/{rel}","templated":true}]}}