{"id":1274,"date":"2024-04-08T21:24:04","date_gmt":"2024-04-08T19:24:04","guid":{"rendered":"https:\/\/www.haeweibau.de\/?page_id=1274"},"modified":"2025-10-23T21:13:25","modified_gmt":"2025-10-23T19:13:25","slug":"teilnahmebedingungen","status":"publish","type":"page","link":"https:\/\/www.haeweibau.de\/?page_id=1274","title":{"rendered":"Teilnahmebedingungen"},"content":{"rendered":"\n<p><\/p>\n\n\n\n<ol class=\"wp-block-list\">\n<li><strong>Es muss sich um einen immergr\u00fcnen Nadelbaum handeln! (nicht vollst\u00e4ndig vertrocknet)<\/strong><\/li>\n\n\n\n<li><strong>Mindestgr\u00f6\u00dfe vom Boden: 1,50m<\/strong><\/li>\n\n\n\n<li><strong>Er muss nat\u00fcrlich gewachsen sein, darf also nicht bearbeitet werden.<\/strong><\/li>\n\n\n\n<li><strong>Er muss an einen gut sichtbaren Platz im Freien aufgestellt werden.<\/strong><\/li>\n\n\n\n<li><strong>Der Baum muss bis zum Fristende aufgestellt <\/strong><strong>und das Foto mit Baumname und Standort \u00fcber unsere Webseite hochgeladen worden sein. Fristende: 30.11.2025 18:00 Uhr<\/strong><\/li>\n\n\n\n<li><strong>Zusatzregel: Wenn du deinen Baum am folgenden Standort aufstellst, darf er auch im Wohnzimmer stehen: &#8222;<\/strong><strong><em>V1V2N9 Kelowna 2425 Chilcotin Crescent British Columbia Canada<\/em><\/strong><strong>&#8220; <\/strong>\ud83e\udd29<\/li>\n<\/ol>\n\n\n\n<p><strong>WICHTIG: Der Baum muss einen Namen bekommen<\/strong>, sowie der Standort (Adresse) muss \u00fcbermittelt werden.<\/p>\n\n\n\n<p>Wenn du teilnimmst, erkl\u00e4rst du dich mit der Speicherung deiner Daten zum Zwecke der Durchf\u00fchrung des Wettbewerbs Haeweibau 2024 einverstanden. Au\u00dferdem stimmst du zu, dass das \u00fcbermittelte Foto, der Baumname sowie der Standort ver\u00f6ffentlicht werden darf.<\/p>\n\n\n\n<p><em><strong>Solltest du damit nicht einverstanden sein, bist du zu schwach f\u00fcr dieses Event. <\/strong><\/em><\/p>\n\n\n\n<p><\/p>\n","protected":false},"excerpt":{"rendered":"<p>WICHTIG: Der Baum muss einen Namen bekommen, sowie der Standort (Adresse) muss \u00fcbermittelt werden. Wenn du teilnimmst, erkl\u00e4rst du dich<\/p>\n<p><a href=\"https:\/\/www.haeweibau.de\/?page_id=1274\" class=\"more-link\">weiterlesen&#8230;<span class=\"screen-reader-text\">Teilnahmebedingungen<\/span><\/a><\/p>\n","protected":false},"author":1,"featured_media":0,"parent":0,"menu_order":0,"comment_status":"closed","ping_status":"closed","template":"","meta":{"footnotes":""},"class_list":["post-1274","page","type-page","status-publish","hentry"],"_links":{"self":[{"href":"https:\/\/www.haeweibau.de\/index.php?rest_route=\/wp\/v2\/pages\/1274","targetHints":{"allow":["GET"]}}],"collection":[{"href":"https:\/\/www.haeweibau.de\/index.php?rest_route=\/wp\/v2\/pages"}],"about":[{"href":"https:\/\/www.haeweibau.de\/index.php?rest_route=\/wp\/v2\/types\/page"}],"author":[{"embeddable":true,"href":"https:\/\/www.haeweibau.de\/index.php?rest_route=\/wp\/v2\/users\/1"}],"replies":[{"embeddable":true,"href":"https:\/\/www.haeweibau.de\/index.php?rest_route=%2Fwp%2Fv2%2Fcomments&post=1274"}],"version-history":[{"count":10,"href":"https:\/\/www.haeweibau.de\/index.php?rest_route=\/wp\/v2\/pages\/1274\/revisions"}],"predecessor-version":[{"id":2416,"href":"https:\/\/www.haeweibau.de\/index.php?rest_route=\/wp\/v2\/pages\/1274\/revisions\/2416"}],"wp:attachment":[{"href":"https:\/\/www.haeweibau.de\/index.php?rest_route=%2Fwp%2Fv2%2Fmedia&parent=1274"}],"curies":[{"name":"wp","href":"https:\/\/api.w.org\/{rel}","templated":true}]}}