{"id":1350,"date":"2024-04-11T10:36:43","date_gmt":"2024-04-11T08:36:43","guid":{"rendered":"https:\/\/www.haeweibau.de\/?page_id=1350"},"modified":"2024-04-11T11:28:55","modified_gmt":"2024-04-11T09:28:55","slug":"hymne-zum-haeweibau","status":"publish","type":"page","link":"https:\/\/www.haeweibau.de\/?page_id=1350","title":{"rendered":"HaeWeiBau-Hymne 1.0"},"content":{"rendered":"\n<p>Dank eines Teilnehmers aus 2023 (&#8222;<em>Elende Mistkrick<\/em>&#8222;) haben wir nun ein eigenes Lied, welches unserem Wettbewerb gewidmet ist. Das Lied hat das Zeug zum absoluten Ohrwurm. Wir waren hin und weg, als wir dies das erste Mal h\u00f6rten&#8230; Danke Kev!<\/p>\n\n\n\n<div class=\"wp-block-media-text is-stacked-on-mobile\" style=\"grid-template-columns:75% auto\"><figure class=\"wp-block-media-text__media\"><video controls src=\"https:\/\/www.haeweibau.de\/wp-content\/uploads\/sites\/2\/2024\/04\/lied1.mp4\"><\/video><\/figure><div class=\"wp-block-media-text__content\">\n<p>Lied\/Text: Kevin Lippold (c)2023<\/p>\n<\/div><\/div>\n\n\n\n<p class=\"has-text-align-center\">Im Gebirge geht es lustig zu, f\u00fcr Spa\u00df sind wir bekannt. Zur Weihnachtszeit wird ganz besinnlich in den Wald hinaus gerannt. Nen Tannenbaam zu finden der jedes Gem\u00fct beruhigt, ist unser Aller Ziel zur gro\u00dfen Festlichkeit. Doch gibt&#8217;s auch Tanneloren, f\u00fcrs Auge nicht gemacht, So ich find noch nen schlimmeren, das w\u00e4re doch gelacht.<\/p>\n\n\n\n<p class=\"has-text-align-center\">Die Nadeln d\u00fcnn, die Spitze weg vom Gr\u00fcn ist nix zu sehn, naturgewachsen bitte sch\u00f6n, da muss doch aaner gehn. Schief gewuchert man glaubt es kaum, den w\u00fcrde keiner klau&#8217;n <strong>Kommt her, wir suchen den HaeWeiBaum!<\/strong><\/p>\n\n\n\n<p class=\"has-text-align-center\">In Sosa wo der Ursprung war, l\u00e4uft irgendwas verkehrt, da wird auch mal der HaeWeiBau von der Talsperr vorgezerrt. Bei anderen wird Stunden lang durch tiefen Schnee gestapft, so lang bis die Frauen fragen, was haste jetzt verzapft? Mit Stolz wird er pr\u00e4sentiert, im Vorgarten soll er stehn, Baumschmuck und viel Lichter ran, es soll ihn jeder sehn!!<\/p>\n\n\n\n<p class=\"has-text-align-center\">Die Nadeln d\u00fcnn, die Spitze weg vom Gr\u00fcn ist nix zu sehn, naturgewachsen bitte sch\u00f6n, da muss doch aaner stehn. Schief gewuchert man glaubt es kaum, den w\u00fcrde keiner klau&#8217;n <strong>Kommt her, wir suchen den HaeWeiBaum!<\/strong><\/p>\n\n\n\n<p class=\"has-text-align-center\">&#8222;Haarald&#8220;, &#8222;Grinch&#8220; und &#8222;Tannelore&#8220;, &#8222;De goldiche Tieflandficht&#8220;&#8230; Alle sei se schief und krumm, so richtig sch\u00f6n h\u00e4sslich. &#8222;Es Carlsfalder Zuckerhiedl&#8220; und &#8222;de alte Grick&#8220;, &#8222;Rednose Rudi&#8220;, &#8222;Quasimodo&#8220;, &#8222;de Elende Mistgrick&#8220;&#8230; &#8222;Herb\u00e4\u00e4rt&#8220;, &#8222;hinkende Lotte&#8220; wo hatten die sich nur versteckt? &#8222;Cinderella&#8220; und is &#8222;Zippel&#8220;, ich schmei\u00df mich nur noch weg&#8230;.<\/p>\n\n\n\n<p class=\"has-text-align-center\">Die Nadeln d\u00fcnn, die Spitze weg vom Gr\u00fcn ist nix zu sehn, Naturgewachsen bitte sch\u00f6n, da muss doch einer gehn. Schief gewuchert man glaubt es kaum, den w\u00fcrde keiner klau&#8217;n<\/p>\n\n\n\n<p class=\"has-text-align-center\"><strong>Kommt her, wir suchen den HaeWeiBaum!<\/strong><\/p>\n\n\n\n<p class=\"has-text-align-center\"><strong>Kommt her, wir suchen den HaeWeiBaum!<\/strong><\/p>\n","protected":false},"excerpt":{"rendered":"<p>Dank eines Teilnehmers aus 2023 (&#8222;Elende Mistkrick&#8222;) haben wir nun ein eigenes Lied, welches unserem Wettbewerb gewidmet ist. Das Lied<\/p>\n<p><a href=\"https:\/\/www.haeweibau.de\/?page_id=1350\" class=\"more-link\">weiterlesen&#8230;<span class=\"screen-reader-text\">HaeWeiBau-Hymne 1.0<\/span><\/a><\/p>\n","protected":false},"author":1,"featured_media":0,"parent":0,"menu_order":0,"comment_status":"closed","ping_status":"closed","template":"","meta":{"footnotes":""},"class_list":["post-1350","page","type-page","status-publish","hentry"],"_links":{"self":[{"href":"https:\/\/www.haeweibau.de\/index.php?rest_route=\/wp\/v2\/pages\/1350","targetHints":{"allow":["GET"]}}],"collection":[{"href":"https:\/\/www.haeweibau.de\/index.php?rest_route=\/wp\/v2\/pages"}],"about":[{"href":"https:\/\/www.haeweibau.de\/index.php?rest_route=\/wp\/v2\/types\/page"}],"author":[{"embeddable":true,"href":"https:\/\/www.haeweibau.de\/index.php?rest_route=\/wp\/v2\/users\/1"}],"replies":[{"embeddable":true,"href":"https:\/\/www.haeweibau.de\/index.php?rest_route=%2Fwp%2Fv2%2Fcomments&post=1350"}],"version-history":[{"count":7,"href":"https:\/\/www.haeweibau.de\/index.php?rest_route=\/wp\/v2\/pages\/1350\/revisions"}],"predecessor-version":[{"id":1378,"href":"https:\/\/www.haeweibau.de\/index.php?rest_route=\/wp\/v2\/pages\/1350\/revisions\/1378"}],"wp:attachment":[{"href":"https:\/\/www.haeweibau.de\/index.php?rest_route=%2Fwp%2Fv2%2Fmedia&parent=1350"}],"curies":[{"name":"wp","href":"https:\/\/api.w.org\/{rel}","templated":true}]}}