{"id":2225,"date":"2024-12-25T01:22:46","date_gmt":"2024-12-25T00:22:46","guid":{"rendered":"https:\/\/www.haeweibau.de\/?page_id=2225"},"modified":"2024-12-28T16:20:14","modified_gmt":"2024-12-28T15:20:14","slug":"auswertung-zum-haesslichsten-weihnachtsbaum-2024","status":"publish","type":"page","link":"https:\/\/www.haeweibau.de\/?page_id=2225","title":{"rendered":"Auswertung 2024"},"content":{"rendered":"\n<p>Hier wollen wir euch eine detaillierte \u00dcbersicht \u00fcber die einzelnen Bewertungen geben. Auch ein paar Zwischenst\u00e4nde und Entwicklungen wollen wir euch hier zeigen.<\/p>\n\n\n\n<p>Es wurden 8566 Stimmen abgegeben und dabei 54.573 Sterne vergeben. Unsere Seite besuchten bisher etwa 20.500 Personen. Es wurden bisher \u00fcber 250 Kommentare zu den B\u00e4umen abgegeben.<\/p>\n\n\n\n<p><strong>Highlights:<\/strong><\/p>\n\n\n\n<p><strong>08.12.2024<\/strong>: Unmittelbar nach dem Start um 18 Uhr erhielt &#8222;De Loni&#8220; extrem viele Stimmen und hatte nach etwa 3 Stunden bereits einen Vorsprung von ca. 300 Sternen. Der Baum wurde am Starttag bereits vor 18 Uhr beworben, was sich in einem Traumstart zeigte.<\/p>\n\n\n\n<p><strong>11.12.2024<\/strong>: Unser kanadischer Teilnehmer postet seinen Baum &#8222;From Canada with Love&#8220; auf seiner Facebookseite. Dies bringt ihm zahlreiche 10-Sterne Votes. Er ist zwischenzeitlich auf Platz 2.<\/p>\n\n\n\n<p><strong>12.12.2024<\/strong>: Wir haben es wieder in die Freie Presse geschafft. Das bringt und regen Zulauf und alle B\u00e4ume bekommen Stimmen. Es kommt kr\u00e4ftig Bewegung in das Voting.<\/p>\n\n\n\n<p><strong>15.12.2024<\/strong>: &#8222;Beetlejuice&#8220; legt massiv an 10-Sterne Votes zu. Es wird klar, dass eine richtige &#8222;Werbekampagne&#8220; gestartet wurde. &#8222;Beetlejuice&#8220; schafft es zwischenzeitlich auf Platz 1.<\/p>\n\n\n\n<p><strong>16.12.2024<\/strong>: Die Beitr\u00e4ge im MDR Fernsehen schlagen f\u00fcr einen Baum eine wie eine Bombe. &#8222;Dimitree&#8220; prescht nach vorn auf Rang 1!  Absolut authentisch und \u00fcberaus sympathisch erkl\u00e4rt Mandy wie es zum Baum kam. Das gef\u00e4llt dem Zuschauer!<\/p>\n\n\n\n<p><strong>24.12.2024 09:30 Uhr<\/strong>: &#8222;Dimitree&#8220; ist mit 2986 Sternen auf Platz 1, mit nur 14 Sternen weniger ist &#8222;Tanfred&#8220; auf Platz 2. Es entscheidet sich in den letzten 10 Stunden. Was f\u00fcr ein Finale.<\/p>\n\n\n\n<p>Das Rennen um Platz 3 ist \u00e4hnlich dramatisch. Zu diesem Zeitpunkt befindet sich &#8222;De alte Krick&#8220; mit 2545 Sternen auf Platz 3, dahinter mit 5!!! Sternen wenige auf Platz 4 &#8222;de Loni&#8220;.<\/p>\n\n\n\n<p>Hier die vergebenen Sterne in der Einzel\u00fcbersicht:<\/p>\n\n\n<div id=\"metaslider-id-2284\" style=\"width: 100%;\" class=\"ml-slider-3-104-0 metaslider metaslider-flex metaslider-2284 ml-slider has-dots-nav has-carousel-mode ms-theme-default-base\" role=\"region\" aria-label=\"New Slideshow\" data-height=\"700\" data-width=\"300\">\n    <div id=\"metaslider_container_2284\">\n        <div id=\"metaslider_2284\">\n            <ul class='slides'>\n                <li style=\"display: none; width: 100%;\" class=\"slide-2285 ms-image \" aria-roledescription=\"slide\" data-date=\"2024-12-25 01:57:55\" data-filename=\"1_dimitree-1-300x700.jpg\" data-slide-type=\"image\"><img loading=\"lazy\" decoding=\"async\" src=\"https:\/\/www.haeweibau.de\/wp-content\/uploads\/sites\/2\/2024\/12\/1_dimitree-1-300x700.jpg\" height=\"700\" width=\"300\" alt=\"\" class=\"slider-2284 slide-2285 msDefaultImage\" title=\"1_dimitree\" \/><div class=\"caption-wrap\"><div class=\"caption\"><div>Dimitree<\/div><\/div><\/div><\/li>\n                <li style=\"display: none; width: 100%;\" class=\"slide-2312 ms-image \" aria-roledescription=\"slide\" data-date=\"2024-12-25 02:10:00\" data-filename=\"2_tanfred-300x700.jpg\" data-slide-type=\"image\"><img loading=\"lazy\" decoding=\"async\" src=\"https:\/\/www.haeweibau.de\/wp-content\/uploads\/sites\/2\/2024\/12\/2_tanfred-300x700.jpg\" height=\"700\" width=\"300\" alt=\"\" class=\"slider-2284 slide-2312 msDefaultImage\" title=\"2_tanfred\" \/><div class=\"caption-wrap\"><div class=\"caption\"><div>Tanfred<\/div><\/div><\/div><\/li>\n                <li style=\"display: none; width: 100%;\" class=\"slide-2313 ms-image \" aria-roledescription=\"slide\" data-date=\"2024-12-25 02:10:58\" data-filename=\"3_de-alte-Krick-300x700.jpg\" data-slide-type=\"image\"><img loading=\"lazy\" decoding=\"async\" src=\"https:\/\/www.haeweibau.de\/wp-content\/uploads\/sites\/2\/2024\/12\/3_de-alte-Krick-300x700.jpg\" height=\"700\" width=\"300\" alt=\"\" class=\"slider-2284 slide-2313 msDefaultImage\" title=\"3_de alte Krick\" \/><div class=\"caption-wrap\"><div class=\"caption\"><div>De alte Krick<\/div><\/div><\/div><\/li>\n                <li style=\"display: none; width: 100%;\" class=\"slide-2314 ms-image \" aria-roledescription=\"slide\" data-date=\"2024-12-25 02:11:20\" data-filename=\"4_de-loni-300x700.jpg\" data-slide-type=\"image\"><img loading=\"lazy\" decoding=\"async\" src=\"https:\/\/www.haeweibau.de\/wp-content\/uploads\/sites\/2\/2024\/12\/4_de-loni-300x700.jpg\" height=\"700\" width=\"300\" alt=\"\" class=\"slider-2284 slide-2314 msDefaultImage\" title=\"4_de loni\" \/><div class=\"caption-wrap\"><div class=\"caption\"><div>De Loni<\/div><\/div><\/div><\/li>\n                <li style=\"display: none; width: 100%;\" class=\"slide-2315 ms-image \" aria-roledescription=\"slide\" data-date=\"2024-12-25 02:11:52\" data-filename=\"5_fromcanadawithlove-300x700.jpg\" data-slide-type=\"image\"><img loading=\"lazy\" decoding=\"async\" src=\"https:\/\/www.haeweibau.de\/wp-content\/uploads\/sites\/2\/2024\/12\/5_fromcanadawithlove-300x700.jpg\" height=\"700\" width=\"300\" alt=\"\" class=\"slider-2284 slide-2315 msDefaultImage\" title=\"5_fromcanadawithlove\" \/><div class=\"caption-wrap\"><div class=\"caption\"><div>From Canada with Love<\/div><\/div><\/div><\/li>\n                <li style=\"display: none; width: 100%;\" class=\"slide-2316 ms-image \" aria-roledescription=\"slide\" data-date=\"2024-12-25 02:12:36\" data-filename=\"6_de-alte-abbortbuerscht-300x700.jpg\" data-slide-type=\"image\"><img loading=\"lazy\" decoding=\"async\" src=\"https:\/\/www.haeweibau.de\/wp-content\/uploads\/sites\/2\/2024\/12\/6_de-alte-abbortbuerscht-300x700.jpg\" height=\"700\" width=\"300\" alt=\"\" class=\"slider-2284 slide-2316 msDefaultImage\" title=\"6_de alte abbortb\u00fcrscht\" \/><div class=\"caption-wrap\"><div class=\"caption\"><div>De alte Abbortb\u00fcrscht<\/div><\/div><\/div><\/li>\n                <li style=\"display: none; width: 100%;\" class=\"slide-2317 ms-image \" aria-roledescription=\"slide\" data-date=\"2024-12-25 02:12:58\" data-filename=\"7_Reinhold-300x700.jpg\" data-slide-type=\"image\"><img loading=\"lazy\" decoding=\"async\" src=\"https:\/\/www.haeweibau.de\/wp-content\/uploads\/sites\/2\/2024\/12\/7_Reinhold-300x700.jpg\" height=\"700\" width=\"300\" alt=\"\" class=\"slider-2284 slide-2317 msDefaultImage\" title=\"7_Reinhold\" \/><div class=\"caption-wrap\"><div class=\"caption\"><div>Reinhold<\/div><\/div><\/div><\/li>\n                <li style=\"display: none; width: 100%;\" class=\"slide-2318 ms-image \" aria-roledescription=\"slide\" data-date=\"2024-12-25 02:13:11\" data-filename=\"8_5mE-300x700.jpg\" data-slide-type=\"image\"><img loading=\"lazy\" decoding=\"async\" src=\"https:\/\/www.haeweibau.de\/wp-content\/uploads\/sites\/2\/2024\/12\/8_5mE-300x700.jpg\" height=\"700\" width=\"300\" alt=\"\" class=\"slider-2284 slide-2318 msDefaultImage\" title=\"8_5mE\" \/><div class=\"caption-wrap\"><div class=\"caption\"><div>5mE - 5m Elend<\/div><\/div><\/div><\/li>\n                <li style=\"display: none; width: 100%;\" class=\"slide-2319 ms-image \" aria-roledescription=\"slide\" data-date=\"2024-12-25 02:15:42\" data-filename=\"9_dr-lange-luhlatsch-300x700.jpg\" data-slide-type=\"image\"><img loading=\"lazy\" decoding=\"async\" src=\"https:\/\/www.haeweibau.de\/wp-content\/uploads\/sites\/2\/2024\/12\/9_dr-lange-luhlatsch-300x700.jpg\" height=\"700\" width=\"300\" alt=\"\" class=\"slider-2284 slide-2319 msDefaultImage\" title=\"9_dr lange luhlatsch\" \/><div class=\"caption-wrap\"><div class=\"caption\"><div>Dr lange Luhlatsch<\/div><\/div><\/div><\/li>\n                <li style=\"display: none; width: 100%;\" class=\"slide-2320 ms-image \" aria-roledescription=\"slide\" data-date=\"2024-12-25 02:16:02\" data-filename=\"10_beetlejuice-300x700.jpg\" data-slide-type=\"image\"><img loading=\"lazy\" decoding=\"async\" src=\"https:\/\/www.haeweibau.de\/wp-content\/uploads\/sites\/2\/2024\/12\/10_beetlejuice-300x700.jpg\" height=\"700\" width=\"300\" alt=\"\" class=\"slider-2284 slide-2320 msDefaultImage\" title=\"10_beetlejuice\" \/><div class=\"caption-wrap\"><div class=\"caption\"><div>Beetlejuice<\/div><\/div><\/div><\/li>\n                <li style=\"display: none; width: 100%;\" class=\"slide-2321 ms-image \" aria-roledescription=\"slide\" data-date=\"2024-12-25 02:16:42\" data-filename=\"11_zappen-duster-300x700.jpg\" data-slide-type=\"image\"><img loading=\"lazy\" decoding=\"async\" src=\"https:\/\/www.haeweibau.de\/wp-content\/uploads\/sites\/2\/2024\/12\/11_zappen-duster-300x700.jpg\" height=\"700\" width=\"300\" alt=\"\" class=\"slider-2284 slide-2321 msDefaultImage\" title=\"11_zappen duster\" \/><div class=\"caption-wrap\"><div class=\"caption\"><div>Zappenduster<\/div><\/div><\/div><\/li>\n                <li style=\"display: none; width: 100%;\" class=\"slide-2322 ms-image \" aria-roledescription=\"slide\" data-date=\"2024-12-25 02:17:01\" data-filename=\"12_olga-300x700.jpg\" data-slide-type=\"image\"><img loading=\"lazy\" decoding=\"async\" src=\"https:\/\/www.haeweibau.de\/wp-content\/uploads\/sites\/2\/2024\/12\/12_olga-300x700.jpg\" height=\"700\" width=\"300\" alt=\"\" class=\"slider-2284 slide-2322 msDefaultImage\" title=\"12_olga\" \/><div class=\"caption-wrap\"><div class=\"caption\"><div>Olga<\/div><\/div><\/div><\/li>\n                <li style=\"display: none; width: 100%;\" class=\"slide-2323 ms-image \" aria-roledescription=\"slide\" data-date=\"2024-12-25 02:17:19\" data-filename=\"13_janjosefkiefers-300x700.jpg\" data-slide-type=\"image\"><img loading=\"lazy\" decoding=\"async\" src=\"https:\/\/www.haeweibau.de\/wp-content\/uploads\/sites\/2\/2024\/12\/13_janjosefkiefers-300x700.jpg\" height=\"700\" width=\"300\" alt=\"\" class=\"slider-2284 slide-2323 msDefaultImage\" title=\"13_janjosefkiefers\" \/><div class=\"caption-wrap\"><div class=\"caption\"><div>Jan Josef Kiefers<\/div><\/div><\/div><\/li>\n                <li style=\"display: none; width: 100%;\" class=\"slide-2324 ms-image \" aria-roledescription=\"slide\" data-date=\"2024-12-25 02:17:40\" data-filename=\"14_schlemorradongebrachn-300x700.jpg\" data-slide-type=\"image\"><img loading=\"lazy\" decoding=\"async\" src=\"https:\/\/www.haeweibau.de\/wp-content\/uploads\/sites\/2\/2024\/12\/14_schlemorradongebrachn-300x700.jpg\" height=\"700\" width=\"300\" alt=\"\" class=\"slider-2284 slide-2324 msDefaultImage\" title=\"14_schlemorradongebrachn\" \/><div class=\"caption-wrap\"><div class=\"caption\"><div>s Schlemor Radongebrachn<\/div><\/div><\/div><\/li>\n                <li style=\"display: none; width: 100%;\" class=\"slide-2325 ms-image \" aria-roledescription=\"slide\" data-date=\"2024-12-25 02:18:25\" data-filename=\"15_mistella-300x700.jpg\" data-slide-type=\"image\"><img loading=\"lazy\" decoding=\"async\" src=\"https:\/\/www.haeweibau.de\/wp-content\/uploads\/sites\/2\/2024\/12\/15_mistella-300x700.jpg\" height=\"700\" width=\"300\" alt=\"\" class=\"slider-2284 slide-2325 msDefaultImage\" title=\"15_mistella\" \/><div class=\"caption-wrap\"><div class=\"caption\"><div>Mistella<\/div><\/div><\/div><\/li>\n                <li style=\"display: none; width: 100%;\" class=\"slide-2326 ms-image \" aria-roledescription=\"slide\" data-date=\"2024-12-25 02:19:10\" data-filename=\"16_sapperlandprinzessin-300x700.jpg\" data-slide-type=\"image\"><img loading=\"lazy\" decoding=\"async\" src=\"https:\/\/www.haeweibau.de\/wp-content\/uploads\/sites\/2\/2024\/12\/16_sapperlandprinzessin-300x700.jpg\" height=\"700\" width=\"300\" alt=\"\" class=\"slider-2284 slide-2326 msDefaultImage\" title=\"16_sapperlandprinzessin\" \/><div class=\"caption-wrap\"><div class=\"caption\"><div>Sapperlandprinzessin<\/div><\/div><\/div><\/li>\n                <li style=\"display: none; width: 100%;\" class=\"slide-2327 ms-image \" aria-roledescription=\"slide\" data-date=\"2024-12-25 02:19:35\" data-filename=\"17_randfichtenGar-300x700.jpg\" data-slide-type=\"image\"><img loading=\"lazy\" decoding=\"async\" src=\"https:\/\/www.haeweibau.de\/wp-content\/uploads\/sites\/2\/2024\/12\/17_randfichtenGar-300x700.jpg\" height=\"700\" width=\"300\" alt=\"\" class=\"slider-2284 slide-2327 msDefaultImage\" title=\"17_randfichtenGar\" \/><div class=\"caption-wrap\"><div class=\"caption\"><div>RandfichtenGar<\/div><\/div><\/div><\/li>\n                <li style=\"display: none; width: 100%;\" class=\"slide-2328 ms-image \" aria-roledescription=\"slide\" data-date=\"2024-12-25 02:20:01\" data-filename=\"18_snorre-300x700.jpg\" data-slide-type=\"image\"><img loading=\"lazy\" decoding=\"async\" src=\"https:\/\/www.haeweibau.de\/wp-content\/uploads\/sites\/2\/2024\/12\/18_snorre-300x700.jpg\" height=\"700\" width=\"300\" alt=\"\" class=\"slider-2284 slide-2328 msDefaultImage\" title=\"18_snorre\" \/><div class=\"caption-wrap\"><div class=\"caption\"><div>Snorre<\/div><\/div><\/div><\/li>\n                <li style=\"display: none; width: 100%;\" class=\"slide-2329 ms-image \" aria-roledescription=\"slide\" data-date=\"2024-12-25 02:21:10\" data-filename=\"19_deblatzmitz-300x700.jpg\" data-slide-type=\"image\"><img loading=\"lazy\" decoding=\"async\" src=\"https:\/\/www.haeweibau.de\/wp-content\/uploads\/sites\/2\/2024\/12\/19_deblatzmitz-300x700.jpg\" height=\"700\" width=\"300\" alt=\"\" class=\"slider-2284 slide-2329 msDefaultImage\" title=\"19_deblatzmitz\" \/><div class=\"caption-wrap\"><div class=\"caption\"><div>De Blatzmitz<\/div><\/div><\/div><\/li>\n                <li style=\"display: none; width: 100%;\" class=\"slide-2330 ms-image \" aria-roledescription=\"slide\" data-date=\"2024-12-25 02:21:30\" data-filename=\"20_baumhauptmeister-300x700.jpg\" data-slide-type=\"image\"><img loading=\"lazy\" decoding=\"async\" src=\"https:\/\/www.haeweibau.de\/wp-content\/uploads\/sites\/2\/2024\/12\/20_baumhauptmeister-300x700.jpg\" height=\"700\" width=\"300\" alt=\"\" class=\"slider-2284 slide-2330 msDefaultImage\" title=\"20_baumhauptmeister\" \/><div class=\"caption-wrap\"><div class=\"caption\"><div>Baumhauptmeister<\/div><\/div><\/div><\/li>\n                <li style=\"display: none; width: 100%;\" class=\"slide-2331 ms-image \" aria-roledescription=\"slide\" data-date=\"2024-12-25 02:21:49\" data-filename=\"21_ruedigerseitentrieb-300x700.jpg\" data-slide-type=\"image\"><img loading=\"lazy\" decoding=\"async\" src=\"https:\/\/www.haeweibau.de\/wp-content\/uploads\/sites\/2\/2024\/12\/21_ruedigerseitentrieb-300x700.jpg\" height=\"700\" width=\"300\" alt=\"\" class=\"slider-2284 slide-2331 msDefaultImage\" title=\"21_r\u00fcdigerseitentrieb\" \/><div class=\"caption-wrap\"><div class=\"caption\"><div>R\u00fcdiger Seitentrieb<\/div><\/div><\/div><\/li>\n                <li style=\"display: none; width: 100%;\" class=\"slide-2332 ms-image \" aria-roledescription=\"slide\" data-date=\"2024-12-25 02:22:07\" data-filename=\"22_schwerda-300x700.jpg\" data-slide-type=\"image\"><img loading=\"lazy\" decoding=\"async\" src=\"https:\/\/www.haeweibau.de\/wp-content\/uploads\/sites\/2\/2024\/12\/22_schwerda-300x700.jpg\" height=\"700\" width=\"300\" alt=\"\" class=\"slider-2284 slide-2332 msDefaultImage\" title=\"22_schwerda\" \/><div class=\"caption-wrap\"><div class=\"caption\"><div>Schwerda<\/div><\/div><\/div><\/li>\n                <li style=\"display: none; width: 100%;\" class=\"slide-2333 ms-image \" aria-roledescription=\"slide\" data-date=\"2024-12-25 02:22:18\" data-filename=\"23_alter-stackn-300x700.jpg\" data-slide-type=\"image\"><img loading=\"lazy\" decoding=\"async\" src=\"https:\/\/www.haeweibau.de\/wp-content\/uploads\/sites\/2\/2024\/12\/23_alter-stackn-300x700.jpg\" height=\"700\" width=\"300\" alt=\"\" class=\"slider-2284 slide-2333 msDefaultImage\" title=\"23_alter stackn\" \/><div class=\"caption-wrap\"><div class=\"caption\"><div>Alter Stackn<\/div><\/div><\/div><\/li>\n                <li style=\"display: none; width: 100%;\" class=\"slide-2334 ms-image \" aria-roledescription=\"slide\" data-date=\"2024-12-25 02:22:42\" data-filename=\"24_Babaa-300x700.jpg\" data-slide-type=\"image\"><img loading=\"lazy\" decoding=\"async\" src=\"https:\/\/www.haeweibau.de\/wp-content\/uploads\/sites\/2\/2024\/12\/24_Babaa-300x700.jpg\" height=\"700\" width=\"300\" alt=\"\" class=\"slider-2284 slide-2334 msDefaultImage\" title=\"24_Babaa\" \/><div class=\"caption-wrap\"><div class=\"caption\"><div>Babaa - dor schiegite Bergvolk-Baam<\/div><\/div><\/div><\/li>\n                <li style=\"display: none; width: 100%;\" class=\"slide-2335 ms-image \" aria-roledescription=\"slide\" data-date=\"2024-12-25 02:24:14\" data-filename=\"25_deskoehlersschreck-300x700.jpg\" data-slide-type=\"image\"><img loading=\"lazy\" decoding=\"async\" src=\"https:\/\/www.haeweibau.de\/wp-content\/uploads\/sites\/2\/2024\/12\/25_deskoehlersschreck-300x700.jpg\" height=\"700\" width=\"300\" alt=\"\" class=\"slider-2284 slide-2335 msDefaultImage\" title=\"25_desk\u00f6hlersschreck\" \/><div class=\"caption-wrap\"><div class=\"caption\"><div>Des K\u00f6hlers Schreck<\/div><\/div><\/div><\/li>\n                <li style=\"display: none; width: 100%;\" class=\"slide-2336 ms-image \" aria-roledescription=\"slide\" data-date=\"2024-12-25 02:24:32\" data-filename=\"26_grauerlicher-Uhu-300x700.jpg\" data-slide-type=\"image\"><img loading=\"lazy\" decoding=\"async\" src=\"https:\/\/www.haeweibau.de\/wp-content\/uploads\/sites\/2\/2024\/12\/26_grauerlicher-Uhu-300x700.jpg\" height=\"700\" width=\"300\" alt=\"\" class=\"slider-2284 slide-2336 msDefaultImage\" title=\"26_grauerlicher Uhu\" \/><div class=\"caption-wrap\"><div class=\"caption\"><div>Grauerlicher Uhu<\/div><\/div><\/div><\/li>\n            <\/ul>\n        <\/div>\n        \n    <\/div>\n<\/div>\n","protected":false},"excerpt":{"rendered":"<p>Hier wollen wir euch eine detaillierte \u00dcbersicht \u00fcber die einzelnen Bewertungen geben. Auch ein paar Zwischenst\u00e4nde und Entwicklungen wollen wir<\/p>\n<p><a href=\"https:\/\/www.haeweibau.de\/?page_id=2225\" class=\"more-link\">weiterlesen&#8230;<span class=\"screen-reader-text\">Auswertung 2024<\/span><\/a><\/p>\n","protected":false},"author":1,"featured_media":0,"parent":0,"menu_order":0,"comment_status":"closed","ping_status":"closed","template":"","meta":{"footnotes":""},"class_list":["post-2225","page","type-page","status-publish","hentry"],"_links":{"self":[{"href":"https:\/\/www.haeweibau.de\/index.php?rest_route=\/wp\/v2\/pages\/2225","targetHints":{"allow":["GET"]}}],"collection":[{"href":"https:\/\/www.haeweibau.de\/index.php?rest_route=\/wp\/v2\/pages"}],"about":[{"href":"https:\/\/www.haeweibau.de\/index.php?rest_route=\/wp\/v2\/types\/page"}],"author":[{"embeddable":true,"href":"https:\/\/www.haeweibau.de\/index.php?rest_route=\/wp\/v2\/users\/1"}],"replies":[{"embeddable":true,"href":"https:\/\/www.haeweibau.de\/index.php?rest_route=%2Fwp%2Fv2%2Fcomments&post=2225"}],"version-history":[{"count":7,"href":"https:\/\/www.haeweibau.de\/index.php?rest_route=\/wp\/v2\/pages\/2225\/revisions"}],"predecessor-version":[{"id":2348,"href":"https:\/\/www.haeweibau.de\/index.php?rest_route=\/wp\/v2\/pages\/2225\/revisions\/2348"}],"wp:attachment":[{"href":"https:\/\/www.haeweibau.de\/index.php?rest_route=%2Fwp%2Fv2%2Fmedia&parent=2225"}],"curies":[{"name":"wp","href":"https:\/\/api.w.org\/{rel}","templated":true}]}}