{"id":2373,"date":"2025-01-15T16:11:40","date_gmt":"2025-01-15T15:11:40","guid":{"rendered":"https:\/\/www.haeweibau.de\/?page_id=2373"},"modified":"2025-01-16T09:43:50","modified_gmt":"2025-01-16T08:43:50","slug":"presse-tv-2024","status":"publish","type":"page","link":"https:\/\/www.haeweibau.de\/?page_id=2373","title":{"rendered":"Presse \/ TV 2024"},"content":{"rendered":"\n<p>Auch dieses Jahr lie\u00df uns unser &#8222;fast schon pers\u00f6nlicher&#8220; Reporter der Freien Presse nicht im Stich und schrieb wieder tolle Beitr\u00e4ge \u00fcber unser Event. Und nat\u00fcrlich durfte auch das Radio und das Fernsehen nicht fehlen&#8230; Hier die diesj\u00e4hrigen Highlights&#8230;<\/p>\n\n\n\n<div class=\"wp-block-columns is-layout-flex wp-container-core-columns-is-layout-9d6595d7 wp-block-columns-is-layout-flex\">\n<div class=\"wp-block-column is-layout-flow wp-block-column-is-layout-flow\" style=\"flex-basis:100%\">\n<figure class=\"wp-block-gallery has-nested-images columns-default is-cropped wp-block-gallery-2 is-layout-flex wp-block-gallery-is-layout-flex\">\n<figure class=\"wp-block-image size-large\"><img loading=\"lazy\" decoding=\"async\" width=\"775\" height=\"1024\" data-id=\"2405\" src=\"https:\/\/www.haeweibau.de\/wp-content\/uploads\/sites\/2\/2025\/01\/IMG_20250116_0940051-e1737017000789-775x1024.jpg\" alt=\"\" class=\"wp-image-2405\" srcset=\"https:\/\/www.haeweibau.de\/wp-content\/uploads\/sites\/2\/2025\/01\/IMG_20250116_0940051-e1737017000789-775x1024.jpg 775w, https:\/\/www.haeweibau.de\/wp-content\/uploads\/sites\/2\/2025\/01\/IMG_20250116_0940051-e1737017000789-227x300.jpg 227w, https:\/\/www.haeweibau.de\/wp-content\/uploads\/sites\/2\/2025\/01\/IMG_20250116_0940051-e1737017000789-768x1015.jpg 768w, https:\/\/www.haeweibau.de\/wp-content\/uploads\/sites\/2\/2025\/01\/IMG_20250116_0940051-e1737017000789-1162x1536.jpg 1162w, https:\/\/www.haeweibau.de\/wp-content\/uploads\/sites\/2\/2025\/01\/IMG_20250116_0940051-e1737017000789-1550x2048.jpg 1550w\" sizes=\"auto, (max-width: 775px) 100vw, 775px\" \/><figcaption class=\"wp-element-caption\">Freie Presse Titelseite vom 12.12.2024<\/figcaption><\/figure>\n\n\n\n<figure data-wp-context=\"{&quot;imageId&quot;:&quot;69e3605f32fd6&quot;}\" data-wp-interactive=\"core\/image\" data-wp-key=\"69e3605f32fd6\" class=\"wp-block-image size-large is-style-default wp-lightbox-container\"><img loading=\"lazy\" decoding=\"async\" width=\"768\" height=\"1024\" data-wp-class--hide=\"state.isContentHidden\" data-wp-class--show=\"state.isContentVisible\" data-wp-init=\"callbacks.setButtonStyles\" data-wp-on--click=\"actions.showLightbox\" data-wp-on--load=\"callbacks.setButtonStyles\" data-wp-on-window--resize=\"callbacks.setButtonStyles\" data-id=\"2378\" src=\"https:\/\/www.haeweibau.de\/wp-content\/uploads\/sites\/2\/2025\/01\/FreiePresse121224-768x1024.jpg\" alt=\"\" class=\"wp-image-2378\" srcset=\"https:\/\/www.haeweibau.de\/wp-content\/uploads\/sites\/2\/2025\/01\/FreiePresse121224-768x1024.jpg 768w, https:\/\/www.haeweibau.de\/wp-content\/uploads\/sites\/2\/2025\/01\/FreiePresse121224-225x300.jpg 225w, https:\/\/www.haeweibau.de\/wp-content\/uploads\/sites\/2\/2025\/01\/FreiePresse121224-1152x1536.jpg 1152w, https:\/\/www.haeweibau.de\/wp-content\/uploads\/sites\/2\/2025\/01\/FreiePresse121224-1536x2048.jpg 1536w\" sizes=\"auto, (max-width: 768px) 100vw, 768px\" \/><button\n\t\t\tclass=\"lightbox-trigger\"\n\t\t\ttype=\"button\"\n\t\t\taria-haspopup=\"dialog\"\n\t\t\taria-label=\"Vergr\u00f6\u00dfern\"\n\t\t\tdata-wp-init=\"callbacks.initTriggerButton\"\n\t\t\tdata-wp-on--click=\"actions.showLightbox\"\n\t\t\tdata-wp-style--right=\"state.imageButtonRight\"\n\t\t\tdata-wp-style--top=\"state.imageButtonTop\"\n\t\t>\n\t\t\t<svg xmlns=\"http:\/\/www.w3.org\/2000\/svg\" width=\"12\" height=\"12\" fill=\"none\" viewBox=\"0 0 12 12\">\n\t\t\t\t<path fill=\"#fff\" d=\"M2 0a2 2 0 0 0-2 2v2h1.5V2a.5.5 0 0 1 .5-.5h2V0H2Zm2 10.5H2a.5.5 0 0 1-.5-.5V8H0v2a2 2 0 0 0 2 2h2v-1.5ZM8 12v-1.5h2a.5.5 0 0 0 .5-.5V8H12v2a2 2 0 0 1-2 2H8Zm2-12a2 2 0 0 1 2 2v2h-1.5V2a.5.5 0 0 0-.5-.5H8V0h2Z\" \/>\n\t\t\t<\/svg>\n\t\t<\/button><figcaption class=\"wp-element-caption\">Freie Presse vom 12.12.2024<\/figcaption><\/figure>\n\n\n\n<figure data-wp-context=\"{&quot;imageId&quot;:&quot;69e3605f333ce&quot;}\" data-wp-interactive=\"core\/image\" data-wp-key=\"69e3605f333ce\" class=\"wp-block-image size-large wp-duotone-unset-1 wp-lightbox-container\"><img loading=\"lazy\" decoding=\"async\" width=\"764\" height=\"1024\" data-wp-class--hide=\"state.isContentHidden\" data-wp-class--show=\"state.isContentVisible\" data-wp-init=\"callbacks.setButtonStyles\" data-wp-on--click=\"actions.showLightbox\" data-wp-on--load=\"callbacks.setButtonStyles\" data-wp-on-window--resize=\"callbacks.setButtonStyles\" data-id=\"2382\" src=\"https:\/\/www.haeweibau.de\/wp-content\/uploads\/sites\/2\/2025\/01\/IMG-20250115-WA0000-e1736955411490-764x1024.jpg\" alt=\"\" class=\"wp-image-2382\" srcset=\"https:\/\/www.haeweibau.de\/wp-content\/uploads\/sites\/2\/2025\/01\/IMG-20250115-WA0000-e1736955411490-764x1024.jpg 764w, https:\/\/www.haeweibau.de\/wp-content\/uploads\/sites\/2\/2025\/01\/IMG-20250115-WA0000-e1736955411490-224x300.jpg 224w, https:\/\/www.haeweibau.de\/wp-content\/uploads\/sites\/2\/2025\/01\/IMG-20250115-WA0000-e1736955411490-768x1030.jpg 768w, https:\/\/www.haeweibau.de\/wp-content\/uploads\/sites\/2\/2025\/01\/IMG-20250115-WA0000-e1736955411490.jpg 900w\" sizes=\"auto, (max-width: 764px) 100vw, 764px\" \/><button\n\t\t\tclass=\"lightbox-trigger\"\n\t\t\ttype=\"button\"\n\t\t\taria-haspopup=\"dialog\"\n\t\t\taria-label=\"Vergr\u00f6\u00dfern\"\n\t\t\tdata-wp-init=\"callbacks.initTriggerButton\"\n\t\t\tdata-wp-on--click=\"actions.showLightbox\"\n\t\t\tdata-wp-style--right=\"state.imageButtonRight\"\n\t\t\tdata-wp-style--top=\"state.imageButtonTop\"\n\t\t>\n\t\t\t<svg xmlns=\"http:\/\/www.w3.org\/2000\/svg\" width=\"12\" height=\"12\" fill=\"none\" viewBox=\"0 0 12 12\">\n\t\t\t\t<path fill=\"#fff\" d=\"M2 0a2 2 0 0 0-2 2v2h1.5V2a.5.5 0 0 1 .5-.5h2V0H2Zm2 10.5H2a.5.5 0 0 1-.5-.5V8H0v2a2 2 0 0 0 2 2h2v-1.5ZM8 12v-1.5h2a.5.5 0 0 0 .5-.5V8H12v2a2 2 0 0 1-2 2H8Zm2-12a2 2 0 0 1 2 2v2h-1.5V2a.5.5 0 0 0-.5-.5H8V0h2Z\" \/>\n\t\t\t<\/svg>\n\t\t<\/button><figcaption class=\"wp-element-caption\">Freie Presse Titelseite vom 15.01.2025<\/figcaption><\/figure>\n\n\n\n<figure data-wp-context=\"{&quot;imageId&quot;:&quot;69e3605f3369a&quot;}\" data-wp-interactive=\"core\/image\" data-wp-key=\"69e3605f3369a\" class=\"wp-block-image size-large wp-lightbox-container\"><img loading=\"lazy\" decoding=\"async\" width=\"768\" height=\"1024\" data-wp-class--hide=\"state.isContentHidden\" data-wp-class--show=\"state.isContentVisible\" data-wp-init=\"callbacks.setButtonStyles\" data-wp-on--click=\"actions.showLightbox\" data-wp-on--load=\"callbacks.setButtonStyles\" data-wp-on-window--resize=\"callbacks.setButtonStyles\" data-id=\"2391\" src=\"https:\/\/www.haeweibau.de\/wp-content\/uploads\/sites\/2\/2025\/01\/IMG_20250115_085801-768x1024.jpg\" alt=\"\" class=\"wp-image-2391\" srcset=\"https:\/\/www.haeweibau.de\/wp-content\/uploads\/sites\/2\/2025\/01\/IMG_20250115_085801-768x1024.jpg 768w, https:\/\/www.haeweibau.de\/wp-content\/uploads\/sites\/2\/2025\/01\/IMG_20250115_085801-225x300.jpg 225w, https:\/\/www.haeweibau.de\/wp-content\/uploads\/sites\/2\/2025\/01\/IMG_20250115_085801-1152x1536.jpg 1152w, https:\/\/www.haeweibau.de\/wp-content\/uploads\/sites\/2\/2025\/01\/IMG_20250115_085801-1536x2048.jpg 1536w\" sizes=\"auto, (max-width: 768px) 100vw, 768px\" \/><button\n\t\t\tclass=\"lightbox-trigger\"\n\t\t\ttype=\"button\"\n\t\t\taria-haspopup=\"dialog\"\n\t\t\taria-label=\"Vergr\u00f6\u00dfern\"\n\t\t\tdata-wp-init=\"callbacks.initTriggerButton\"\n\t\t\tdata-wp-on--click=\"actions.showLightbox\"\n\t\t\tdata-wp-style--right=\"state.imageButtonRight\"\n\t\t\tdata-wp-style--top=\"state.imageButtonTop\"\n\t\t>\n\t\t\t<svg xmlns=\"http:\/\/www.w3.org\/2000\/svg\" width=\"12\" height=\"12\" fill=\"none\" viewBox=\"0 0 12 12\">\n\t\t\t\t<path fill=\"#fff\" d=\"M2 0a2 2 0 0 0-2 2v2h1.5V2a.5.5 0 0 1 .5-.5h2V0H2Zm2 10.5H2a.5.5 0 0 1-.5-.5V8H0v2a2 2 0 0 0 2 2h2v-1.5ZM8 12v-1.5h2a.5.5 0 0 0 .5-.5V8H12v2a2 2 0 0 1-2 2H8Zm2-12a2 2 0 0 1 2 2v2h-1.5V2a.5.5 0 0 0-.5-.5H8V0h2Z\" \/>\n\t\t\t<\/svg>\n\t\t<\/button><figcaption class=\"wp-element-caption\">Frei Presse vom 15.01.2025<\/figcaption><\/figure>\n<\/figure>\n<\/div>\n<\/div>\n\n\n\n<div class=\"wp-block-media-text is-stacked-on-mobile\" style=\"grid-template-columns:66% auto\"><figure class=\"wp-block-media-text__media\"><video controls src=\"https:\/\/www.haeweibau.de\/wp-content\/uploads\/sites\/2\/2025\/01\/MDR-SACHSENSPIEGEL-Wer-hat-den-haesslichsten-Weihnachtsbaum-im-Ort_-0105078227.mp4\"><\/video><\/figure><div class=\"wp-block-media-text__content\">\n<p>MDR Sachsenspiegel vom 15.12.2024<\/p>\n<\/div><\/div>\n\n\n\n<div class=\"wp-block-media-text is-stacked-on-mobile\"><figure class=\"wp-block-media-text__media\"><video controls src=\"https:\/\/www.haeweibau.de\/wp-content\/uploads\/sites\/2\/2025\/01\/MDRSachsen_151224.mp4\"><\/video><\/figure><div class=\"wp-block-media-text__content\">\n<p>MDR Sachsen vom 15.12.2024<\/p>\n<\/div><\/div>\n\n\n\n<p><\/p>\n","protected":false},"excerpt":{"rendered":"<p>Auch dieses Jahr lie\u00df uns unser &#8222;fast schon pers\u00f6nlicher&#8220; Reporter der Freien Presse nicht im Stich und schrieb wieder tolle<\/p>\n<p><a href=\"https:\/\/www.haeweibau.de\/?page_id=2373\" class=\"more-link\">weiterlesen&#8230;<span class=\"screen-reader-text\">Presse \/ TV 2024<\/span><\/a><\/p>\n","protected":false},"author":1,"featured_media":0,"parent":0,"menu_order":0,"comment_status":"closed","ping_status":"closed","template":"","meta":{"footnotes":""},"class_list":["post-2373","page","type-page","status-publish","hentry"],"_links":{"self":[{"href":"https:\/\/www.haeweibau.de\/index.php?rest_route=\/wp\/v2\/pages\/2373","targetHints":{"allow":["GET"]}}],"collection":[{"href":"https:\/\/www.haeweibau.de\/index.php?rest_route=\/wp\/v2\/pages"}],"about":[{"href":"https:\/\/www.haeweibau.de\/index.php?rest_route=\/wp\/v2\/types\/page"}],"author":[{"embeddable":true,"href":"https:\/\/www.haeweibau.de\/index.php?rest_route=\/wp\/v2\/users\/1"}],"replies":[{"embeddable":true,"href":"https:\/\/www.haeweibau.de\/index.php?rest_route=%2Fwp%2Fv2%2Fcomments&post=2373"}],"version-history":[{"count":10,"href":"https:\/\/www.haeweibau.de\/index.php?rest_route=\/wp\/v2\/pages\/2373\/revisions"}],"predecessor-version":[{"id":2407,"href":"https:\/\/www.haeweibau.de\/index.php?rest_route=\/wp\/v2\/pages\/2373\/revisions\/2407"}],"wp:attachment":[{"href":"https:\/\/www.haeweibau.de\/index.php?rest_route=%2Fwp%2Fv2%2Fmedia&parent=2373"}],"curies":[{"name":"wp","href":"https:\/\/api.w.org\/{rel}","templated":true}]}}