{"id":2434,"date":"2025-10-30T00:53:00","date_gmt":"2025-10-29T23:53:00","guid":{"rendered":"https:\/\/www.haeweibau.de\/?page_id=2434"},"modified":"2025-10-30T00:57:23","modified_gmt":"2025-10-29T23:57:23","slug":"das-lied-zum-event","status":"publish","type":"page","link":"https:\/\/www.haeweibau.de\/?page_id=2434","title":{"rendered":"Das Lied zum Event"},"content":{"rendered":"\n<p>Unsere Hymne zu unserem Event. Vielen Dank daf\u00fcr Kevin Lippold. Du bist ein Pfundskerl \ud83d\ude42<\/p>\n\n\n\n<figure class=\"wp-block-video\"><video height=\"720\" style=\"aspect-ratio: 1280 \/ 720;\" width=\"1280\" controls src=\"https:\/\/www.haeweibau.de\/wp-content\/uploads\/sites\/2\/2024\/04\/lied1.mp4\"><\/video><\/figure>\n\n\n\n<p><em><strong>Lied\/Text: Kevin Lippold (c)2023<\/strong><\/em><\/p>\n\n\n\n<p>Lyrics:<\/p>\n\n\n\n<p>Im Gebirge geht es lustig zu, f\u00fcr Spa\u00df sind wir bekannt. Zur Weihnachtszeit wird ganz besinnlich in den Wald hinaus gerannt. Nen Tannenbaam zu finden der jedes Gem\u00fct beruhigt, ist unser Aller Ziel zur gro\u00dfen Festlichkeit. Doch gibt\u2019s auch Tanneloren, f\u00fcrs Auge nicht gemacht, So ich find noch nen schlimmeren, das w\u00e4re doch gelacht.<\/p>\n\n\n\n<p>Die Nadeln d\u00fcnn, die Spitze weg vom Gr\u00fcn ist nix zu sehn, naturgewachsen bitte sch\u00f6n, da muss doch aaner gehn. Schief gewuchert man glaubt es kaum, den w\u00fcrde keiner klau\u2019n&nbsp;<strong>Kommt her, wir suchen den HaeWeiBaum!<\/strong><\/p>\n\n\n\n<p>In Sosa wo der Ursprung war, l\u00e4uft irgendwas verkehrt, da wird auch mal der HaeWeiBau von der Talsperr vorgezerrt. Bei anderen wird Stunden lang durch tiefen Schnee gestapft, so lang bis die Frauen fragen, was haste jetzt verzapft? Mit Stolz wird er pr\u00e4sentiert, im Vorgarten soll er stehn, Baumschmuck und viel Lichter ran, es soll ihn jeder sehn!!<\/p>\n\n\n\n<p>Die Nadeln d\u00fcnn, die Spitze weg vom Gr\u00fcn ist nix zu sehn, naturgewachsen bitte sch\u00f6n, da muss doch aaner stehn. Schief gewuchert man glaubt es kaum, den w\u00fcrde keiner klau\u2019n&nbsp;<strong>Kommt her, wir suchen den HaeWeiBaum!<\/strong><\/p>\n\n\n\n<p>\u201eHaarald\u201c, \u201eGrinch\u201c und \u201eTannelore\u201c, \u201eDe goldiche Tieflandficht\u201c\u2026 Alle sei se schief und krumm, so richtig sch\u00f6n h\u00e4sslich. \u201eEs Carlsfalder Zuckerhiedl\u201c und \u201ede alte Grick\u201c, \u201eRednose Rudi\u201c, \u201eQuasimodo\u201c, \u201ede Elende Mistgrick\u201c\u2026 \u201eHerb\u00e4\u00e4rt\u201c, \u201ehinkende Lotte\u201c wo hatten die sich nur versteckt? \u201eCinderella\u201c und is \u201eZippel\u201c, ich schmei\u00df mich nur noch weg\u2026.<\/p>\n\n\n\n<p>Die Nadeln d\u00fcnn, die Spitze weg vom Gr\u00fcn ist nix zu sehn, Naturgewachsen bitte sch\u00f6n, da muss doch einer gehn. Schief gewuchert man glaubt es kaum, den w\u00fcrde keiner klau\u2019n<\/p>\n\n\n\n<p><strong>Kommt her, wir suchen den HaeWeiBaum!<\/strong><\/p>\n\n\n\n<p><strong>Kommt her, wir suchen den HaeWeiBaum!<\/strong><\/p>\n\n\n\n<p><\/p>\n","protected":false},"excerpt":{"rendered":"<p>Unsere Hymne zu unserem Event. Vielen Dank daf\u00fcr Kevin Lippold. Du bist ein Pfundskerl \ud83d\ude42 Lied\/Text: Kevin Lippold (c)2023 Lyrics:<\/p>\n<p><a href=\"https:\/\/www.haeweibau.de\/?page_id=2434\" class=\"more-link\">weiterlesen&#8230;<span class=\"screen-reader-text\">Das Lied zum Event<\/span><\/a><\/p>\n","protected":false},"author":1,"featured_media":0,"parent":0,"menu_order":0,"comment_status":"closed","ping_status":"closed","template":"","meta":{"footnotes":""},"class_list":["post-2434","page","type-page","status-publish","hentry"],"_links":{"self":[{"href":"https:\/\/www.haeweibau.de\/index.php?rest_route=\/wp\/v2\/pages\/2434","targetHints":{"allow":["GET"]}}],"collection":[{"href":"https:\/\/www.haeweibau.de\/index.php?rest_route=\/wp\/v2\/pages"}],"about":[{"href":"https:\/\/www.haeweibau.de\/index.php?rest_route=\/wp\/v2\/types\/page"}],"author":[{"embeddable":true,"href":"https:\/\/www.haeweibau.de\/index.php?rest_route=\/wp\/v2\/users\/1"}],"replies":[{"embeddable":true,"href":"https:\/\/www.haeweibau.de\/index.php?rest_route=%2Fwp%2Fv2%2Fcomments&post=2434"}],"version-history":[{"count":3,"href":"https:\/\/www.haeweibau.de\/index.php?rest_route=\/wp\/v2\/pages\/2434\/revisions"}],"predecessor-version":[{"id":2438,"href":"https:\/\/www.haeweibau.de\/index.php?rest_route=\/wp\/v2\/pages\/2434\/revisions\/2438"}],"wp:attachment":[{"href":"https:\/\/www.haeweibau.de\/index.php?rest_route=%2Fwp%2Fv2%2Fmedia&parent=2434"}],"curies":[{"name":"wp","href":"https:\/\/api.w.org\/{rel}","templated":true}]}}